{"id":362,"date":"2023-01-20T14:02:41","date_gmt":"2023-01-20T19:02:41","guid":{"rendered":"https:\/\/atelierenhauteur.ca\/?page_id=362"},"modified":"2025-06-17T15:17:42","modified_gmt":"2025-06-17T19:17:42","slug":"high-window-washing","status":"publish","type":"page","link":"https:\/\/atelierenhauteur.ca\/en\/lavage-de-vitres-en-hauteur\/","title":{"rendered":"Window washing at height"},"content":{"rendered":"<section class=\"bde-section-362-100 bde-section\">\n  \n  \n\t\n\n\n\n<div class=\"section-container\"><\/div>\n<\/section><section class=\"bde-section-362-104 bde-section\">\n  \n  \n\t\n\n\n\n<div class=\"section-container\"><div class=\"bde-div-362-112 bde-div\">\n  \n  \n\t\n\n\n\n<h1 class=\"bde-heading-362-105 bde-heading\">\nWindow washing at height\n<\/h1><div class=\"bde-text-362-106 bde-text\">\nSparkling glass for your residential, commercial and industrial buildings\n<\/div>\n<\/div><div class=\"bde-columns-362-107 bde-columns\"><div class=\"bde-column-362-108 bde-column\">\n  \n  \n\t\n\n\n\n<div class=\"bde-rich-text-362-110 bde-rich-text breakdance-rich-text-styles\">\n<p><strong>Our professional window cleaning service is the ideal solution for all buildings with hard-to-reach windows, whether high-rise residential buildings, condos, apartment buildings, commercial or industrial buildings.<\/strong><\/p><p>We specialize in <strong>high window washing<\/strong>We've got the right solution for even the most inaccessible windows. Whether you're a building owner, a condominium manager or a condominium association, <strong>we have the skills, equipment and expertise to meet your needs.<\/strong><\/p>\n<\/div>\n<\/div><div class=\"bde-column-362-109 bde-column\">\n  \n  \n\t\n\n\n\n<h2 class=\"bde-heading-362-148 bde-heading\">\nSTEPS AND SERVICES FOR A SUCCESSFUL JOB:\n<\/h2><div class=\"bde-rich-text-362-141 bde-rich-text liste-numerote breakdance-rich-text-styles\">\n<ol><li><p><strong>Permits :<\/strong> If your building is less than 3 metres from the sidewalk, <strong data-start=\"1114\" data-end=\"1168\">we take care of the permits required by the city<\/strong> to temporarily occupy public space. You don't have to do a thing, we'll take care of everything.<\/p><\/li><li><p><strong>Communications antennas :<\/strong> To ensure the safety of our technicians, we coordinate directly with suppliers such as Bell, Videotron, Rogers or Telus to <strong data-start=\"1436\" data-end=\"1482\">temporary shutdown of transmitting antennas<\/strong>when required.<\/p><\/li><li><p><strong>Security :<\/strong> Rigorous inspection of the work area, identification of potential hazards, <strong data-start=\"1610\" data-end=\"1719\">comprehensive security measures to protect passers-by, residents and our team.<\/strong><\/p><\/li><li><p><strong>Cleaning :<\/strong> Thanks to our rope access and height expertise, <strong data-start=\"1802\" data-end=\"1844\">we clean your windows with pure water<\/strong>for a radiant, streak-free result without chemical residue.<\/p><\/li><li><p><strong>Annual maintenance : <\/strong>Atelier en Hauteur also offers<a href=\"https:\/\/atelierenhauteur.ca\/en\/securing-building-facades\/\">facade maintenance<\/a>including the<a href=\"https:\/\/atelierenhauteur.ca\/en\/inspection-on-ropes-law-122\/\">masonry inspection<\/a>the <a href=\"https:\/\/atelierenhauteur.ca\/en\/overhead-caulking\/\">caulking<\/a> and others <a href=\"https:\/\/atelierenhauteur.ca\/en\/maconnerie-reparation-jointoiments\/\">repairs<\/a>. We will inform you of any defects or signs of wear that are not visible from the ground.<\/p><\/li><\/ol>\n<\/div>\n<\/div><\/div><div class=\"bde-rich-text-362-140 bde-rich-text breakdance-rich-text-styles\">\n<h3 style=\"text-align: left;\">Why choose L'Atelier en Hauteur?<\/h3><p style=\"text-align: left;\">\u2714\ufe0f Fast, safe and environmentally friendly service<br data-start=\"2286\" data-end=\"2289\" \/>\u2714\ufe0f Team of certified and experienced rope access technicians<br data-start=\"2337\" data-end=\"2340\" \/>\u2714\ufe0f Ideal for condos, rental housing, residential towers, commercial and industrial buildings.<br data-start=\"2446\" data-end=\"2449\" \/>\u2714\ufe0f Guaranteed professional results<\/p>\n<\/div><div class=\"bde-rich-text-362-147 bde-rich-text breakdance-rich-text-styles\">\n<p>Our high-rise window cleaning service is run by an experienced and qualified team of rope access technicians, with the skills and equipment to ensure safe and effective cleaning of your windows at height. We understand the challenges of high window cleaning and have rigorous procedures in place to ensure the safety of our workers and your building. We use superior cleaning materials and professional equipment to ensure impeccable results, every time. <strong>Call on our experienced service to clean your high windows with confidence.<\/strong><\/p>\n<\/div><div class=\"bde-rich-text-362-149 bde-rich-text breakdance-rich-text-styles\">\n<h3>Are you a residential building owner, property manager or member of a condominium corporation?<\/h3><p><a href=\"https:\/\/atelierenhauteur.ca\/en\/#nous-joindre\"><strong>Contact us<\/strong><\/a> today for a quote or to schedule your next window wash!<\/p>\n<\/div><div class=\"bde-columns-362-113 bde-columns\"><div class=\"bde-column-362-114 bde-column\">\n  \n  \n\t\n\n\n\n<div class=\"bde-video-362-146 bde-video\">\n<div class=\"ee-video-container\">\n                                                                        \n                <lite-youtube\n                        videoid=\"_xVqnWwuGEU\"\n                                                style=\"background-image: url(https:\/\/i.ytimg.com\/vi\/_xVqnWwuGEU\/maxresdefault.jpg); \"\n                        class=\"ee-video\"\n                        title=\"\"\n                        params=\"&playsinline=0&rel=0&enablejsapi=1\"\n                >\n                <\/lite-youtube>\n                    \n        \n            \n    <\/div>\n\n<\/div><div class=\"bde-text-362-118 bde-text\">\nVideo showing the use of ropes for a safe descent when cleaning windows at height.\n<\/div>\n<\/div><\/div><\/div>\n<\/section><section class=\"bde-section-362-120 bde-section\">\n  \n  \n\t\n\n\n\n<div class=\"section-container\"><a class=\"bde-container-link-362-142 bde-container-link breakdance-link\" href=\"#\" target=\"_self\">\n  \n  \n\t\n\n\n\n<div class=\"bde-div-362-143 bde-div\">\n  \n  \n\t\n\n\n\n<h2 class=\"bde-heading-362-144 bde-heading\">\nContact us for a free quote.\n<\/h2>\n<\/div>\n\n<\/a><\/div>\n<\/section><section class=\"bde-section-362-123 bde-section\">\n              \n  \n  \n\t\n\n  <div class=\"section-background-overlay\"><\/div>\n\n\n<div class=\"section-container\"><div class=\"bde-text-362-125 bde-text\">\nShare this service\n<\/div><div class=\"bde-social-share-buttons-362-124 bde-social-share-buttons\">\n<div class=\"bde-social-share-button bde-social-share-button-mobile js-breakdance-share-mobile\">\n  <span class=\"bde-social-share-button-icon\">\n    <svg fill=\"none\" xmlns=\"http:\/\/www.w3.org\/2000\/svg\" viewbox=\"0 0 16 16\">\n      <path d=\"M11 2.5a2.5 2.5 0 1 1 .603 1.628l-6.718 3.12c.154.49.154 1.015 0 1.504l6.718 3.12a2.5 2.5 0 1 1-.488.876l-6.718-3.12a2.5 2.5 0 1 1 0-3.256l6.718-3.12A2.504 2.504 0 0 1 11 2.5Z\" fill=\"currentColor\"\/>\n    <\/svg>\n  <\/span>\n  <\/div>\n\n<div class=\"js-breakdance-share-button bde-social-share-button bde-social-share-button-facebook\" data-network=\"Facebook\"  >\n    <span class=\"bde-social-share-button-icon\">\n        <svg aria-hidden=\"true\" focusable=\"false\" data-prefix=\"fab\" class=\"svg-inline--fa fa-facebook fa-w-16\" role=\"img\" fill=\"none\" xmlns=\"http:\/\/www.w3.org\/2000\/svg\" viewbox=\"0 0 800 800\">\n      <path d=\"M768 0H32C14.3 0 0 14.3 0 32v736c0 17.7 14.3 32 32 32h736c17.7 0 32-14.3 32-32V32c0-17.7-14.3-32-32-32Zm-92.4 233.5h-63.9c-50.1 0-59.8 23.8-59.8 58.8v77.1h119.6l-15.6 120.7h-104V800H427.2V490.2H322.9V369.4h104.3v-89c0-103.3 63.1-159.6 155.3-159.6 44.2 0 82.1 3.3 93.2 4.8v107.9h-.1Z\" fill=\"currentColor\"\/>\n    <\/svg>\n      <\/span>\n    <\/div>\n<div class=\"js-breakdance-share-button bde-social-share-button bde-social-share-button-linkedin\" data-network=\"LinkedIn\"  >\n    <span class=\"bde-social-share-button-icon\">\n        <svg aria-hidden=\"true\" focusable=\"false\" data-prefix=\"fab\" class=\"svg-inline--fa fa-linkedin fa-w-14\" role=\"img\" xmlns=\"http:\/\/www.w3.org\/2000\/svg\" viewbox=\"0 0 448 512\">\n      <path fill=\"currentColor\" d=\"M416 32H31.9C14.3 32 0 46.5 0 64.3v383.4C0 465.5 14.3 480 31.9 480H416c17.6 0 32-14.5 32-32.3V64.3c0-17.8-14.4-32.3-32-32.3zM135.4 416H69V202.2h66.5V416zm-33.2-243c-21.3 0-38.5-17.3-38.5-38.5S80.9 96 102.2 96c21.2 0 38.5 17.3 38.5 38.5 0 21.3-17.2 38.5-38.5 38.5zm282.1 243h-66.4V312c0-24.8-.5-56.7-34.5-56.7-34.6 0-39.9 27-39.9 54.9V416h-66.4V202.2h63.7v29.2h.9c8.9-16.8 30.6-34.5 62.9-34.5 67.2 0 79.7 44.3 79.7 101.9V416z\"><\/path>\n    <\/svg>\n      <\/span>\n    <\/div>\n<div class=\"js-breakdance-share-button bde-social-share-button bde-social-share-button-email\" data-network=\"Email\"  >\n    <span class=\"bde-social-share-button-icon\">\n        <svg class=\"svg-inline--fa fa-envelope-square fa-w-14\" role=\"img\" fill=\"none\" xmlns=\"http:\/\/www.w3.org\/2000\/svg\" viewbox=\"0 0 20 16\">\n      <path d=\"M18 0H2C.9 0 .01.9.01 2L0 14c0 1.1.9 2 2 2h16c1.1 0 2-.9 2-2V2c0-1.1-.9-2-2-2Zm0 4-8 5-8-5V2l8 5 8-5v2Z\" fill=\"currentColor\"\/>\n    <\/svg>\n      <\/span>\n    <\/div>\n\n<\/div><\/div>\n<\/section>","protected":false},"excerpt":{"rendered":"<p>Le lavage de vitres en hauteur Des vitres \u00e9tincelantes pour vos immeubles r\u00e9sidentiels, commerciaux et industriels Notre service de lavage professionnel est la solution id\u00e9ale pour tous les b\u00e2timents \u00e0 vitres difficiles d\u2019acc\u00e8s, qu\u2019il s\u2019agisse de tours r\u00e9sidentielles, de condos, d\u2019immeubles \u00e0 logements, de b\u00e2timents commerciaux ou industriels.Nous sommes sp\u00e9cialis\u00e9s dans le lavage de vitres [&hellip;]<\/p>\n","protected":false},"author":1,"featured_media":0,"parent":0,"menu_order":0,"comment_status":"closed","ping_status":"closed","template":"","meta":{"_acf_changed":false,"_seopress_robots_primary_cat":"0","_seopress_titles_title":"","_seopress_titles_desc":"Service de lavage de vitres en hauteur sur cordes est con\u00e7u pour offrir une propret\u00e9 impeccable \u00e0 vos fen\u00eatres situ\u00e9es \u00e0 des hauteurs...","_seopress_robots_index":"","_breakdance_hide_in_design_set":false,"_breakdance_tags":"","footnotes":""},"class_list":["post-362","page","type-page","status-publish","hentry"],"acf":[],"_links":{"self":[{"href":"https:\/\/atelierenhauteur.ca\/en\/wp-json\/wp\/v2\/pages\/362","targetHints":{"allow":["GET"]}}],"collection":[{"href":"https:\/\/atelierenhauteur.ca\/en\/wp-json\/wp\/v2\/pages"}],"about":[{"href":"https:\/\/atelierenhauteur.ca\/en\/wp-json\/wp\/v2\/types\/page"}],"author":[{"embeddable":true,"href":"https:\/\/atelierenhauteur.ca\/en\/wp-json\/wp\/v2\/users\/1"}],"replies":[{"embeddable":true,"href":"https:\/\/atelierenhauteur.ca\/en\/wp-json\/wp\/v2\/comments?post=362"}],"version-history":[{"count":1,"href":"https:\/\/atelierenhauteur.ca\/en\/wp-json\/wp\/v2\/pages\/362\/revisions"}],"predecessor-version":[{"id":977,"href":"https:\/\/atelierenhauteur.ca\/en\/wp-json\/wp\/v2\/pages\/362\/revisions\/977"}],"wp:attachment":[{"href":"https:\/\/atelierenhauteur.ca\/en\/wp-json\/wp\/v2\/media?parent=362"}],"curies":[{"name":"wp","href":"https:\/\/api.w.org\/{rel}","templated":true}]}}