{"id":409,"date":"2023-03-09T11:10:39","date_gmt":"2023-03-09T16:10:39","guid":{"rendered":"https:\/\/atelierenhauteur.ca\/?page_id=409"},"modified":"2026-02-11T09:49:04","modified_gmt":"2026-02-11T14:49:04","slug":"inspection-on-ropes-law-122","status":"publish","type":"page","link":"https:\/\/atelierenhauteur.ca\/en\/inspection-sur-cordes-loi-122\/","title":{"rendered":"Rope access inspection - Law 122"},"content":{"rendered":"<section class=\"bde-section-409-100 bde-section\">\n  \n  \n\t\n\n\n\n<div class=\"section-container\"><\/div>\n<\/section><section class=\"bde-section-409-104 bde-section\">\n  \n  \n\t\n\n\n\n<div class=\"section-container\"><div class=\"bde-div-409-112 bde-div\">\n  \n  \n\t\n\n\n\n<h1 class=\"bde-heading-409-105 bde-heading\">\nFACADE INSPECTION SERVICE<br>LOI-122\n<\/h1><div class=\"bde-text-409-106 bde-text\">\nTactile and visual inspection by our professional rope access technicians.\n<\/div>\n<\/div><div class=\"bde-columns-409-107 bde-columns\"><div class=\"bde-column-409-108 bde-column\">\n  \n  \n\t\n\n\n\n<div class=\"bde-rich-text-409-110 bde-rich-text breakdance-rich-text-styles\">\n<p><strong>Building inspection (Bill-122) is the means of monitoring the general condition of a building, using ropes to move around its exterior surfaces. <\/strong><\/p><p>This technique makes it possible to access hard-to-reach areas such as facades, roofs and chimneys, and to check the condition of building materials such as mortar, cement, concrete, windows, doors, balconies, skylights and other important elements. Building inspection on ropes is often used on buildings of 4 storeys or more, or on complex structures, as it allows easy access to these areas and close observation of details. This technique must be carried out by SPRAT\/IRATA-certified technicians, using specialized rope access protective equipment.<\/p>\n<\/div>\n<\/div><div class=\"bde-column-409-109 bde-column\">\n  \n  \n\t\n\n\n\n<h2 class=\"bde-heading-409-145 bde-heading\">\nSTEPS AND SERVICES FOR A SUCCESSFUL JOB:\n<\/h2><div class=\"bde-rich-text-409-141 bde-rich-text liste-numerote breakdance-rich-text-styles\">\n<ol><li><p><strong>Permits :<\/strong> If your building is less than 3 metres from the sidewalk, our team will reserve the sidewalk occupation permits required by the city.<\/p><\/li><li><p><strong>Communications antennas :<\/strong> In order to protect our technicians and avoid potential radiation and burns, we will have to request that they be turned off temporarily during the work period. We will be responsible for dealing with suppliers such as Videotron, Bell, Telus, Rogers and others.<\/p><\/li><li><p><strong>Security :<\/strong> Inspection of the work area, identification of potential hazards and implementation of safety measures to protect workers and bystanders on the ground...<\/p><\/li><li><p><strong>Inspection LOI 122 :<\/strong> We offer building inspection services in collaboration with partner engineering firms. Tactile and visual inspection of building facades at 25,50 or100% + openings if required. Please do not hesitate to contact us<\/p><\/li><li><p><strong>Annual maintenance :<\/strong> L'Atelier en Hauteur specializes in general building facade maintenance, including masonry inspections and repairs, caulking and other work. Not only can we offer you an annual wash, but we also take the opportunity to report any deficiencies and problems invisible from below.<\/p><\/li><\/ol>\n<\/div>\n<\/div><\/div><div class=\"bde-rich-text-409-140 bde-rich-text breakdance-rich-text-styles\">\n<p><strong>At Atelier en Hauteur, we strictly adhere to established safety standards. Our entire team of rope access technicians is SPRAT\/IRATA certified. <\/strong>Not only are they highly qualified, they are also supported by our ongoing training program, which ensures constant safety during operations on the worksite, and follow-up on the quality of work, new methods or the use of new products or work tools.<\/p>\n<\/div><div class=\"bde-video-409-149 bde-video\">\n<div class=\"ee-video-container\">\n                                                                        \n                <lite-youtube\n                        videoid=\"2CVvkAtiTww\"\n                                                style=\"background-image: url(https:\/\/i.ytimg.com\/vi\/2CVvkAtiTww\/maxresdefault.jpg); \"\n                        class=\"ee-video\"\n                        title=\"\"\n                        params=\"&playsinline=0&rel=0&enablejsapi=1\"\n                >\n                <\/lite-youtube>\n                    \n        \n            \n    <\/div>\n\n<\/div><div class=\"bde-columns-409-113 bde-columns\"><div class=\"bde-column-409-114 bde-column\">\n  \n  \n\t\n\n\n\n<div class=\"bde-image-409-116 bde-image\">\n<figure class=\"breakdance-image breakdance-image--660\">\n\t<div class=\"breakdance-image-container\">\n\t\t<div class=\"breakdance-image-clip\"><a class=\"breakdance-image-link breakdance-image-link--lightbox\" href=\"https:\/\/atelierenhauteur.ca\/wp-content\/uploads\/2023\/07\/inspection-1-atelier-en-hauteur.jpg\" target=\"_self\" rel=\"noopener\" data-sub-html=\"\" data-lg-size=\"-\"><img decoding=\"async\" class=\"breakdance-image-object\" src=\"https:\/\/atelierenhauteur.ca\/wp-content\/uploads\/2023\/07\/inspection-1-atelier-en-hauteur.jpg\" width=\"1300\" height=\"975\" srcset=\"https:\/\/atelierenhauteur.ca\/wp-content\/uploads\/2023\/07\/inspection-1-atelier-en-hauteur.jpg 1300w, https:\/\/atelierenhauteur.ca\/wp-content\/uploads\/2023\/07\/inspection-1-atelier-en-hauteur-300x225.jpg 300w, https:\/\/atelierenhauteur.ca\/wp-content\/uploads\/2023\/07\/inspection-1-atelier-en-hauteur-1024x768.jpg 1024w, https:\/\/atelierenhauteur.ca\/wp-content\/uploads\/2023\/07\/inspection-1-atelier-en-hauteur-768x576.jpg 768w\" sizes=\"auto, (max-width: 1300px) 100vw, 1300px\" alt=\"Two inspectors inspect a brick wall secured with rappelling codes.\" loading=\"lazy\"><\/a><\/div>\n\t<\/div><\/figure>\n\n<\/div><div class=\"bde-text-409-118 bde-text\">\nExample of a building facade inspection\n<\/div>\n<\/div><div class=\"bde-column-409-115 bde-column\">\n  \n  \n\t\n\n\n\n<div class=\"bde-image-409-117 bde-image\">\n<figure class=\"breakdance-image breakdance-image--948\">\n\t<div class=\"breakdance-image-container\">\n\t\t<div class=\"breakdance-image-clip\"><a class=\"breakdance-image-link breakdance-image-link--lightbox\" href=\"https:\/\/atelierenhauteur.ca\/wp-content\/uploads\/2025\/01\/inspection-atelier-en-hauteur.jpg\" target=\"_self\" rel=\"noopener\" data-sub-html=\"\" data-lg-size=\"-\"><img decoding=\"async\" class=\"breakdance-image-object\" src=\"https:\/\/atelierenhauteur.ca\/wp-content\/uploads\/2025\/01\/inspection-atelier-en-hauteur.jpg\" width=\"1300\" height=\"975\" srcset=\"https:\/\/atelierenhauteur.ca\/wp-content\/uploads\/2025\/01\/inspection-atelier-en-hauteur.jpg 1300w, https:\/\/atelierenhauteur.ca\/wp-content\/uploads\/2025\/01\/inspection-atelier-en-hauteur-300x225.jpg 300w, https:\/\/atelierenhauteur.ca\/wp-content\/uploads\/2025\/01\/inspection-atelier-en-hauteur-1024x768.jpg 1024w, https:\/\/atelierenhauteur.ca\/wp-content\/uploads\/2025\/01\/inspection-atelier-en-hauteur-768x576.jpg 768w, https:\/\/atelierenhauteur.ca\/wp-content\/uploads\/2025\/01\/inspection-atelier-en-hauteur-16x12.jpg 16w\" sizes=\"auto, (max-width: 1300px) 100vw, 1300px\" loading=\"lazy\"><\/a><\/div>\n\t<\/div><\/figure>\n\n<\/div><div class=\"bde-text-409-119 bde-text\">\nUse of ropes for safe descent during building inspections.\n<\/div>\n<\/div><div class=\"bde-column-409-146 bde-column\">\n  \n  \n\t\n\n\n\n<div class=\"bde-image-409-147 bde-image\">\n<figure class=\"breakdance-image breakdance-image--527\">\n\t<div class=\"breakdance-image-container\">\n\t\t<div class=\"breakdance-image-clip\"><a class=\"breakdance-image-link breakdance-image-link--lightbox\" href=\"https:\/\/atelierenhauteur.ca\/wp-content\/uploads\/2023\/03\/service-inspection04.jpg\" target=\"_self\" rel=\"noopener\" data-sub-html=\"\" data-lg-size=\"-\"><img decoding=\"async\" class=\"breakdance-image-object\" src=\"https:\/\/atelierenhauteur.ca\/wp-content\/uploads\/2023\/03\/service-inspection04.jpg\" width=\"1000\" height=\"665\" srcset=\"https:\/\/atelierenhauteur.ca\/wp-content\/uploads\/2023\/03\/service-inspection04.jpg 1000w, https:\/\/atelierenhauteur.ca\/wp-content\/uploads\/2023\/03\/service-inspection04-300x200.jpg 300w, https:\/\/atelierenhauteur.ca\/wp-content\/uploads\/2023\/03\/service-inspection04-768x511.jpg 768w\" sizes=\"auto, (max-width: 1000px) 100vw, 1000px\" alt=\"High-rise building inspection service\" loading=\"lazy\"><\/a><\/div>\n\t<\/div><\/figure>\n\n<\/div><div class=\"bde-text-409-148 bde-text\">\nUse of ropes for safe descent during building inspections.\n<\/div>\n<\/div><\/div><\/div>\n<\/section><section class=\"bde-section-409-120 bde-section\">\n  \n  \n\t\n\n\n\n<div class=\"section-container\"><a class=\"bde-container-link-409-142 bde-container-link breakdance-link\" href=\"#\" target=\"_self\">\n  \n  \n\t\n\n\n\n<div class=\"bde-div-409-143 bde-div\">\n  \n  \n\t\n\n\n\n<h2 class=\"bde-heading-409-144 bde-heading\">\nContact us for a free quote.\n<\/h2>\n<\/div>\n\n<\/a><\/div>\n<\/section><section class=\"bde-section-409-123 bde-section\">\n              \n  \n  \n\t\n\n  <div class=\"section-background-overlay\"><\/div>\n\n\n<div class=\"section-container\"><div class=\"bde-text-409-125 bde-text\">\nShare this service\n<\/div><div class=\"bde-social-share-buttons-409-124 bde-social-share-buttons\">\n<div class=\"bde-social-share-button bde-social-share-button-mobile js-breakdance-share-mobile\">\n  <span class=\"bde-social-share-button-icon\">\n    <svg fill=\"none\" xmlns=\"http:\/\/www.w3.org\/2000\/svg\" viewbox=\"0 0 16 16\">\n      <path d=\"M11 2.5a2.5 2.5 0 1 1 .603 1.628l-6.718 3.12c.154.49.154 1.015 0 1.504l6.718 3.12a2.5 2.5 0 1 1-.488.876l-6.718-3.12a2.5 2.5 0 1 1 0-3.256l6.718-3.12A2.504 2.504 0 0 1 11 2.5Z\" fill=\"currentColor\"\/>\n    <\/svg>\n  <\/span>\n  <\/div>\n\n<div class=\"js-breakdance-share-button bde-social-share-button bde-social-share-button-facebook\" data-network=\"Facebook\"  >\n    <span class=\"bde-social-share-button-icon\">\n        <svg aria-hidden=\"true\" focusable=\"false\" data-prefix=\"fab\" class=\"svg-inline--fa fa-facebook fa-w-16\" role=\"img\" fill=\"none\" xmlns=\"http:\/\/www.w3.org\/2000\/svg\" viewbox=\"0 0 800 800\">\n      <path d=\"M768 0H32C14.3 0 0 14.3 0 32v736c0 17.7 14.3 32 32 32h736c17.7 0 32-14.3 32-32V32c0-17.7-14.3-32-32-32Zm-92.4 233.5h-63.9c-50.1 0-59.8 23.8-59.8 58.8v77.1h119.6l-15.6 120.7h-104V800H427.2V490.2H322.9V369.4h104.3v-89c0-103.3 63.1-159.6 155.3-159.6 44.2 0 82.1 3.3 93.2 4.8v107.9h-.1Z\" fill=\"currentColor\"\/>\n    <\/svg>\n      <\/span>\n    <\/div>\n<div class=\"js-breakdance-share-button bde-social-share-button bde-social-share-button-linkedin\" data-network=\"LinkedIn\"  >\n    <span class=\"bde-social-share-button-icon\">\n        <svg aria-hidden=\"true\" focusable=\"false\" data-prefix=\"fab\" class=\"svg-inline--fa fa-linkedin fa-w-14\" role=\"img\" xmlns=\"http:\/\/www.w3.org\/2000\/svg\" viewbox=\"0 0 448 512\">\n      <path fill=\"currentColor\" d=\"M416 32H31.9C14.3 32 0 46.5 0 64.3v383.4C0 465.5 14.3 480 31.9 480H416c17.6 0 32-14.5 32-32.3V64.3c0-17.8-14.4-32.3-32-32.3zM135.4 416H69V202.2h66.5V416zm-33.2-243c-21.3 0-38.5-17.3-38.5-38.5S80.9 96 102.2 96c21.2 0 38.5 17.3 38.5 38.5 0 21.3-17.2 38.5-38.5 38.5zm282.1 243h-66.4V312c0-24.8-.5-56.7-34.5-56.7-34.6 0-39.9 27-39.9 54.9V416h-66.4V202.2h63.7v29.2h.9c8.9-16.8 30.6-34.5 62.9-34.5 67.2 0 79.7 44.3 79.7 101.9V416z\"><\/path>\n    <\/svg>\n      <\/span>\n    <\/div>\n<div class=\"js-breakdance-share-button bde-social-share-button bde-social-share-button-email\" data-network=\"Email\"  >\n    <span class=\"bde-social-share-button-icon\">\n        <svg class=\"svg-inline--fa fa-envelope-square fa-w-14\" role=\"img\" fill=\"none\" xmlns=\"http:\/\/www.w3.org\/2000\/svg\" viewbox=\"0 0 20 16\">\n      <path d=\"M18 0H2C.9 0 .01.9.01 2L0 14c0 1.1.9 2 2 2h16c1.1 0 2-.9 2-2V2c0-1.1-.9-2-2-2Zm0 4-8 5-8-5V2l8 5 8-5v2Z\" fill=\"currentColor\"\/>\n    <\/svg>\n      <\/span>\n    <\/div>\n\n<\/div><\/div>\n<\/section>","protected":false},"excerpt":{"rendered":"<p>SERVICE D\u2019INSPECTION DES FA\u00c7ADESLOI-122 Inspection tactile et visuelle par nos techniciens cordistes professionnels. L&rsquo;inspection de b\u00e2timent (Loi-122) est le moyen de surveiller l&rsquo;\u00e9tat g\u00e9n\u00e9ral d&rsquo;un b\u00e2timent en utilisant des cordes pour se d\u00e9placer sur les surfaces ext\u00e9rieures de celui-ci. Cette technique permet d&rsquo;acc\u00e9der \u00e0 des endroits difficiles d&rsquo;acc\u00e8s tels que les fa\u00e7ades, les toits et [&hellip;]<\/p>\n","protected":false},"author":1,"featured_media":0,"parent":0,"menu_order":0,"comment_status":"closed","ping_status":"closed","template":"","meta":{"_acf_changed":false,"_seopress_robots_primary_cat":"0","_seopress_titles_title":"","_seopress_titles_desc":"L&#039;inspection de b\u00e2timent (Loi-122) est le moyen de surveiller l&#039;\u00e9tat g\u00e9n\u00e9ral d&#039;un b\u00e2timent en utilisant des cordes pour se d\u00e9placer...","_seopress_robots_index":"","_breakdance_hide_in_design_set":false,"_breakdance_tags":"","footnotes":""},"class_list":["post-409","page","type-page","status-publish","hentry"],"acf":[],"_links":{"self":[{"href":"https:\/\/atelierenhauteur.ca\/en\/wp-json\/wp\/v2\/pages\/409","targetHints":{"allow":["GET"]}}],"collection":[{"href":"https:\/\/atelierenhauteur.ca\/en\/wp-json\/wp\/v2\/pages"}],"about":[{"href":"https:\/\/atelierenhauteur.ca\/en\/wp-json\/wp\/v2\/types\/page"}],"author":[{"embeddable":true,"href":"https:\/\/atelierenhauteur.ca\/en\/wp-json\/wp\/v2\/users\/1"}],"replies":[{"embeddable":true,"href":"https:\/\/atelierenhauteur.ca\/en\/wp-json\/wp\/v2\/comments?post=409"}],"version-history":[{"count":1,"href":"https:\/\/atelierenhauteur.ca\/en\/wp-json\/wp\/v2\/pages\/409\/revisions"}],"predecessor-version":[{"id":978,"href":"https:\/\/atelierenhauteur.ca\/en\/wp-json\/wp\/v2\/pages\/409\/revisions\/978"}],"wp:attachment":[{"href":"https:\/\/atelierenhauteur.ca\/en\/wp-json\/wp\/v2\/media?parent=409"}],"curies":[{"name":"wp","href":"https:\/\/api.w.org\/{rel}","templated":true}]}}