{"id":530,"date":"2023-04-14T16:25:27","date_gmt":"2023-04-14T20:25:27","guid":{"rendered":"https:\/\/atelierenhauteur.ca\/?page_id=530"},"modified":"2025-08-15T11:40:01","modified_gmt":"2025-08-15T15:40:01","slug":"maconnerie-reparation-jointoiments","status":"publish","type":"page","link":"https:\/\/atelierenhauteur.ca\/en\/maconnerie-reparation-jointoiments\/","title":{"rendered":"Masonry - Repairs to pointing"},"content":{"rendered":"<section class=\"bde-section-530-129 bde-section\">\n  \n  \n\t\n\n\n\n<div class=\"section-container\"><\/div>\n<\/section><section class=\"bde-section-530-100 bde-section\">\n  \n  \n\t\n\n\n\n<div class=\"section-container\"><div class=\"bde-div-530-101 bde-div\">\n  \n  \n\t\n\n\n\n<h1 class=\"bde-heading-530-102 bde-heading\">\nMasonry - Repairs to pointing\n<\/h1><div class=\"bde-text-530-103 bde-text\">\nRepair of brick joints on high-rise buildings by rope access technicians\n<\/div>\n<\/div><div class=\"bde-columns-530-104 bde-columns\"><div class=\"bde-column-530-105 bde-column\">\n  \n  \n\t\n\n\n\n<div class=\"bde-rich-text-530-106 bde-rich-text breakdance-rich-text-styles\">\n<p><strong>Rope access for repairing brick joints at height is a common and cost-effective method of getting the job done safely and efficiently. Rope access technicians are specialized workers who use recognized SPRAT\/IRATA-certified rope techniques to access difficult-to-reach areas.<\/strong><\/p><p>Brick pointing is the process of using a filler material to fill the gaps between the bricks of a brick wall or structure. The purpose of pointing is to strengthen the brick structure, improve its watertightness and give it a more uniform aesthetic appearance. There are various types of filler materials that can be used for brick pointing, including mortar, sand and expanded clay. To achieve a proper brick joint, it's important to properly prepare the brick surface by removing any damaged areas, and to dust thoroughly before closing the joint.<\/p>\n<\/div>\n<\/div><div class=\"bde-column-530-107 bde-column\">\n  \n  \n\t\n\n\n\n<h2 class=\"bde-heading-530-108 bde-heading\">\nSTEPS AND SERVICES FOR A SUCCESSFUL JOB:\n<\/h2><div class=\"bde-rich-text-530-109 bde-rich-text liste-numerote breakdance-rich-text-styles\">\n<ol><li><p>\u00c9<strong>valuation: <\/strong>First of all, we take note of the damage and the condition of the brick joints at height. We determine the tools and materials needed to carry out the work.  This work usually follows a rigorous building inspection (LOI-122) by an engineering or architectural firm. A copy of the repair plan proposed by the latter will be required, to ensure a better assessment before starting the required repairs. <\/p><\/li><li><p><strong>Sidewalk occupancy permit: <\/strong>If your building is less than 3 metres from a sidewalk, our team will reserve the permits required by the city.<\/p><\/li><li><p>A<strong>ntennes of Communications: <\/strong>In order to protect our technicians and avoid potential radiation and burns, we will need to request that these be turned off temporarily during the work period. Our team will take care of all arrangements with suppliers such as Videotron, Bell, Telus, Rogers and others.<strong>Overhead workshop.<\/strong> <\/p><\/li><li><p><strong>Security:<\/strong> Inspect the work area, identify potential hazards and implement safety measures to protect workers and bystanders on the ground. <\/p><\/li><li><p><strong>Equipment and safety: <\/strong>All our technicians are SPRAT or IRATA certified, and equipped to work safely at height. They wear safety harnesses specifically designed and certified for this type of suspended work. We also use appropriate, state-of-the-art safety equipment that is constantly checked, such as removable anchors, straps and abseiling systems. For our own safety, we always work in pairs, and each technician is always attached to double ropes and two independent anchor points. Also, compared to other conventional means of access to heights, all our technicians are trained rescuers, so they can perform a rescue if an unexpected situation arises on site.<\/p><p><\/p><\/li><\/ol>\n<\/div>\n<\/div><\/div><div class=\"bde-video-530-119 bde-video\">\n<div class=\"ee-video-container\">\n                                                                            \n                                \n                <iframe\n                        class=\"ee-video lozad\"\n                title=\"\"\n                                data-src=\"https:\/\/www.youtube.com\/embed\/97m9VYejfRM?feature=oembed&playsinline=0&rel=0&enablejsapi=1\"\n                frameborder=\"0\"\n                allow=\"accelerometer; autoplay; clipboard-write; encrypted-media; gyroscope; picture-in-picture\"\n                allowfullscreen>\n                <\/iframe>\n                    \n        \n            \n    <\/div>\n\n<\/div><div class=\"bde-video-530-130 bde-video\">\n<div class=\"ee-video-container\">\n                                                                        \n                <lite-youtube\n                        videoid=\"o-DY2swBgbc\"\n                                                style=\"background-image: url(https:\/\/atelierenhauteur.ca\/wp-content\/uploads\/2023\/04\/reparation-jointoiements-de-briques-4.jpg); \"\n                        class=\"ee-video\"\n                        title=\"\"\n                        params=\"&playsinline=0&rel=0&enablejsapi=1\"\n                >\n                <\/lite-youtube>\n                    \n        \n            \n    <\/div>\n\n<\/div><div class=\"bde-rich-text-530-110 bde-rich-text breakdance-rich-text-styles\">\n<p>At the<strong>Overhead workshop<\/strong>We strictly adhere to established safety standards. Our entire team of rope access technicians is SPRAT\/IRATA certified.<\/p><p>Not only are they highly qualified, they are also supported by our ongoing training program on new methods or the use of new products, equipment or work tools. As a team, this approach enables us to ensure consistency not only in terms of safety during operations, but also in terms of the quality of the work carried out on our sites.<\/p>\n<\/div><div class=\"bde-columns-530-111 bde-columns\"><div class=\"bde-column-530-112 bde-column\">\n  \n  \n\t\n\n\n\n<div class=\"bde-div-530-115 bde-div\">\n  \n  \n\t\n\n\n\n<div class=\"bde-div-530-117 bde-div\">\n  \n  \n\t\n\n\n\n<h2 class=\"bde-heading-530-116 bde-heading\">\nANNUAL MAINTENANCE OFFER\n<\/h2><div class=\"bde-text-530-114 bde-text\">\nL'<strong>Overhead workshop<\/strong> specializes in general building facade maintenance, including masonry inspections and repairs, caulking and even window cleaning on hard-to-reach buildings.\n<\/div>\n<\/div>\n<\/div><div class=\"bde-gallery-530-118 bde-gallery\">\n\n\n  \n\n\n\n\n\n\n\n\n\n\n<div class=\"ee-gallery ee-gallery--default ee-gallery--grid ee-gallery--single ee-gallery--lightbox ee-gallery-- ee-gallery--caption- ee-gallery--caption-none ee-gallery--ratio\">\n                  \n      <a class=\"ee-gallery-item ee-gallery-item--image ee-gallery-item--single\" href=\"https:\/\/atelierenhauteur.ca\/wp-content\/uploads\/2023\/07\/massonary-atelier-en-hauteur.jpg\"  data-sub-html=\"<span><\/span>\" data-category=\"1\"                  data-lg-size=\"1300-975\"\n\n      >\n        <figure class=\"ee-gallery-item-figure\">\n                        <img loading=\"lazy\" decoding=\"async\" class=\"breakdance-image-object\" src=\"https:\/\/atelierenhauteur.ca\/wp-content\/uploads\/2023\/07\/massonary-atelier-en-hauteur-1024x768.jpg\" width=\"1024\" height=\"768\" srcset=\"https:\/\/atelierenhauteur.ca\/wp-content\/uploads\/2023\/07\/massonary-atelier-en-hauteur.jpg 1300w, https:\/\/atelierenhauteur.ca\/wp-content\/uploads\/2023\/07\/massonary-atelier-en-hauteur-300x225.jpg 300w, https:\/\/atelierenhauteur.ca\/wp-content\/uploads\/2023\/07\/massonary-atelier-en-hauteur-1024x768.jpg 1024w, https:\/\/atelierenhauteur.ca\/wp-content\/uploads\/2023\/07\/massonary-atelier-en-hauteur-768x576.jpg 768w\" sizes=\"auto, (max-width: 1300px) 100vw, 1300px\" alt=\"Worker at height cleaning brick wall\">\n          \n                  <\/figure>\n      <\/a>\n\n                \n      <a class=\"ee-gallery-item ee-gallery-item--image ee-gallery-item--single\" href=\"https:\/\/atelierenhauteur.ca\/wp-content\/uploads\/2023\/07\/rejointement-atelier-en-hauteur.jpg\"  data-sub-html=\"<span><\/span>\" data-category=\"1\"                  data-lg-size=\"1300-975\"\n\n      >\n        <figure class=\"ee-gallery-item-figure\">\n                        <img loading=\"lazy\" decoding=\"async\" class=\"breakdance-image-object\" src=\"https:\/\/atelierenhauteur.ca\/wp-content\/uploads\/2023\/07\/rejointement-atelier-en-hauteur-1024x768.jpg\" width=\"1024\" height=\"768\" srcset=\"https:\/\/atelierenhauteur.ca\/wp-content\/uploads\/2023\/07\/rejointement-atelier-en-hauteur.jpg 1300w, https:\/\/atelierenhauteur.ca\/wp-content\/uploads\/2023\/07\/rejointement-atelier-en-hauteur-300x225.jpg 300w, https:\/\/atelierenhauteur.ca\/wp-content\/uploads\/2023\/07\/rejointement-atelier-en-hauteur-1024x768.jpg 1024w, https:\/\/atelierenhauteur.ca\/wp-content\/uploads\/2023\/07\/rejointement-atelier-en-hauteur-768x576.jpg 768w\" sizes=\"auto, (max-width: 1300px) 100vw, 1300px\" alt=\"Worker repairing a high brick wall\">\n          \n                  <\/figure>\n      <\/a>\n\n                \n      <a class=\"ee-gallery-item ee-gallery-item--image ee-gallery-item--single\" href=\"https:\/\/atelierenhauteur.ca\/wp-content\/uploads\/2023\/07\/massonary-2-atelier-en-hauteur.jpg\"  data-sub-html=\"<span><\/span>\" data-category=\"1\"                  data-lg-size=\"1300-975\"\n\n      >\n        <figure class=\"ee-gallery-item-figure\">\n                        <img loading=\"lazy\" decoding=\"async\" class=\"breakdance-image-object\" src=\"https:\/\/atelierenhauteur.ca\/wp-content\/uploads\/2023\/07\/massonary-2-atelier-en-hauteur-1024x768.jpg\" width=\"1024\" height=\"768\" srcset=\"https:\/\/atelierenhauteur.ca\/wp-content\/uploads\/2023\/07\/massonary-2-atelier-en-hauteur.jpg 1300w, https:\/\/atelierenhauteur.ca\/wp-content\/uploads\/2023\/07\/massonary-2-atelier-en-hauteur-300x225.jpg 300w, https:\/\/atelierenhauteur.ca\/wp-content\/uploads\/2023\/07\/massonary-2-atelier-en-hauteur-1024x768.jpg 1024w, https:\/\/atelierenhauteur.ca\/wp-content\/uploads\/2023\/07\/massonary-2-atelier-en-hauteur-768x576.jpg 768w\" sizes=\"auto, (max-width: 1300px) 100vw, 1300px\" alt=\"Suspended worker repairing a brick wall\">\n          \n                  <\/figure>\n      <\/a>\n\n                \n      <a class=\"ee-gallery-item ee-gallery-item--image ee-gallery-item--single\" href=\"https:\/\/atelierenhauteur.ca\/wp-content\/uploads\/2023\/07\/massonary-1-atelier-en-hauteur.jpg\"  data-sub-html=\"<span><\/span>\" data-category=\"1\"                  data-lg-size=\"1300-975\"\n\n      >\n        <figure class=\"ee-gallery-item-figure\">\n                        <img loading=\"lazy\" decoding=\"async\" class=\"breakdance-image-object\" src=\"https:\/\/atelierenhauteur.ca\/wp-content\/uploads\/2023\/07\/massonary-1-atelier-en-hauteur-1024x768.jpg\" width=\"1024\" height=\"768\" srcset=\"https:\/\/atelierenhauteur.ca\/wp-content\/uploads\/2023\/07\/massonary-1-atelier-en-hauteur.jpg 1300w, https:\/\/atelierenhauteur.ca\/wp-content\/uploads\/2023\/07\/massonary-1-atelier-en-hauteur-300x225.jpg 300w, https:\/\/atelierenhauteur.ca\/wp-content\/uploads\/2023\/07\/massonary-1-atelier-en-hauteur-1024x768.jpg 1024w, https:\/\/atelierenhauteur.ca\/wp-content\/uploads\/2023\/07\/massonary-1-atelier-en-hauteur-768x576.jpg 768w\" sizes=\"auto, (max-width: 1300px) 100vw, 1300px\" alt=\"Worker cleaning a brick wall suspended by rope\">\n          \n                  <\/figure>\n      <\/a>\n\n                \n      <a class=\"ee-gallery-item ee-gallery-item--image ee-gallery-item--single\" href=\"https:\/\/atelierenhauteur.ca\/wp-content\/uploads\/2025\/01\/atelier-en-hauteur-152A4F97-mortier.webp\"  data-sub-html=\"<span><\/span>\" data-category=\"1\"                  data-lg-size=\"1170-2080\"\n\n      >\n        <figure class=\"ee-gallery-item-figure\">\n                        <img loading=\"lazy\" decoding=\"async\" class=\"breakdance-image-object\" src=\"https:\/\/atelierenhauteur.ca\/wp-content\/uploads\/2025\/01\/atelier-en-hauteur-152A4F97-mortier-576x1024.webp\" width=\"576\" height=\"1024\" srcset=\"https:\/\/atelierenhauteur.ca\/wp-content\/uploads\/2025\/01\/atelier-en-hauteur-152A4F97-mortier.webp 1170w, https:\/\/atelierenhauteur.ca\/wp-content\/uploads\/2025\/01\/atelier-en-hauteur-152A4F97-mortier-169x300.webp 169w, https:\/\/atelierenhauteur.ca\/wp-content\/uploads\/2025\/01\/atelier-en-hauteur-152A4F97-mortier-576x1024.webp 576w, https:\/\/atelierenhauteur.ca\/wp-content\/uploads\/2025\/01\/atelier-en-hauteur-152A4F97-mortier-768x1365.webp 768w, https:\/\/atelierenhauteur.ca\/wp-content\/uploads\/2025\/01\/atelier-en-hauteur-152A4F97-mortier-864x1536.webp 864w, https:\/\/atelierenhauteur.ca\/wp-content\/uploads\/2025\/01\/atelier-en-hauteur-152A4F97-mortier-1152x2048.webp 1152w, https:\/\/atelierenhauteur.ca\/wp-content\/uploads\/2025\/01\/atelier-en-hauteur-152A4F97-mortier-7x12.webp 7w\" sizes=\"auto, (max-width: 1170px) 100vw, 1170px\" alt=\"Worker at height repairing a building near a bridge\">\n          \n                  <\/figure>\n      <\/a>\n\n      \n  <\/div>\n\n\n\n<\/div>\n<\/div><\/div><\/div>\n<\/section><section class=\"bde-section-530-122 bde-section\">\n  \n  \n\t\n\n\n\n<div class=\"section-container\"><a class=\"bde-container-link-530-123 bde-container-link breakdance-link\" href=\"#\" target=\"_self\">\n  \n  \n\t\n\n\n\n<div class=\"bde-div-530-124 bde-div\">\n  \n  \n\t\n\n\n\n<h2 class=\"bde-heading-530-125 bde-heading\">\nContact us for a free quote.\n<\/h2>\n<\/div>\n\n<\/a><\/div>\n<\/section><section class=\"bde-section-530-126 bde-section\">\n              \n  \n  \n\t\n\n  <div class=\"section-background-overlay\"><\/div>\n\n\n<div class=\"section-container\"><div class=\"bde-text-530-127 bde-text\">\nShare this service\n<\/div><div class=\"bde-social-share-buttons-530-128 bde-social-share-buttons\">\n<div class=\"bde-social-share-button bde-social-share-button-mobile js-breakdance-share-mobile\">\n  <span class=\"bde-social-share-button-icon\">\n    <svg fill=\"none\" xmlns=\"http:\/\/www.w3.org\/2000\/svg\" viewbox=\"0 0 16 16\">\n      <path d=\"M11 2.5a2.5 2.5 0 1 1 .603 1.628l-6.718 3.12c.154.49.154 1.015 0 1.504l6.718 3.12a2.5 2.5 0 1 1-.488.876l-6.718-3.12a2.5 2.5 0 1 1 0-3.256l6.718-3.12A2.504 2.504 0 0 1 11 2.5Z\" fill=\"currentColor\"\/>\n    <\/svg>\n  <\/span>\n  <\/div>\n\n<div class=\"js-breakdance-share-button bde-social-share-button bde-social-share-button-facebook\" data-network=\"Facebook\"  >\n    <span class=\"bde-social-share-button-icon\">\n        <svg aria-hidden=\"true\" focusable=\"false\" data-prefix=\"fab\" class=\"svg-inline--fa fa-facebook fa-w-16\" role=\"img\" fill=\"none\" xmlns=\"http:\/\/www.w3.org\/2000\/svg\" viewbox=\"0 0 800 800\">\n      <path d=\"M768 0H32C14.3 0 0 14.3 0 32v736c0 17.7 14.3 32 32 32h736c17.7 0 32-14.3 32-32V32c0-17.7-14.3-32-32-32Zm-92.4 233.5h-63.9c-50.1 0-59.8 23.8-59.8 58.8v77.1h119.6l-15.6 120.7h-104V800H427.2V490.2H322.9V369.4h104.3v-89c0-103.3 63.1-159.6 155.3-159.6 44.2 0 82.1 3.3 93.2 4.8v107.9h-.1Z\" fill=\"currentColor\"\/>\n    <\/svg>\n      <\/span>\n    <\/div>\n<div class=\"js-breakdance-share-button bde-social-share-button bde-social-share-button-linkedin\" data-network=\"LinkedIn\"  >\n    <span class=\"bde-social-share-button-icon\">\n        <svg aria-hidden=\"true\" focusable=\"false\" data-prefix=\"fab\" class=\"svg-inline--fa fa-linkedin fa-w-14\" role=\"img\" xmlns=\"http:\/\/www.w3.org\/2000\/svg\" viewbox=\"0 0 448 512\">\n      <path fill=\"currentColor\" d=\"M416 32H31.9C14.3 32 0 46.5 0 64.3v383.4C0 465.5 14.3 480 31.9 480H416c17.6 0 32-14.5 32-32.3V64.3c0-17.8-14.4-32.3-32-32.3zM135.4 416H69V202.2h66.5V416zm-33.2-243c-21.3 0-38.5-17.3-38.5-38.5S80.9 96 102.2 96c21.2 0 38.5 17.3 38.5 38.5 0 21.3-17.2 38.5-38.5 38.5zm282.1 243h-66.4V312c0-24.8-.5-56.7-34.5-56.7-34.6 0-39.9 27-39.9 54.9V416h-66.4V202.2h63.7v29.2h.9c8.9-16.8 30.6-34.5 62.9-34.5 67.2 0 79.7 44.3 79.7 101.9V416z\"><\/path>\n    <\/svg>\n      <\/span>\n    <\/div>\n<div class=\"js-breakdance-share-button bde-social-share-button bde-social-share-button-email\" data-network=\"Email\"  >\n    <span class=\"bde-social-share-button-icon\">\n        <svg class=\"svg-inline--fa fa-envelope-square fa-w-14\" role=\"img\" fill=\"none\" xmlns=\"http:\/\/www.w3.org\/2000\/svg\" viewbox=\"0 0 20 16\">\n      <path d=\"M18 0H2C.9 0 .01.9.01 2L0 14c0 1.1.9 2 2 2h16c1.1 0 2-.9 2-2V2c0-1.1-.9-2-2-2Zm0 4-8 5-8-5V2l8 5 8-5v2Z\" fill=\"currentColor\"\/>\n    <\/svg>\n      <\/span>\n    <\/div>\n\n<\/div><\/div>\n<\/section>","protected":false},"excerpt":{"rendered":"<p>Ma\u00e7onnerie \u2014 R\u00e9paration jointoiements R\u00e9paration jointoiments de briques sur b\u00e2timent en hauteur par des cordistes La r\u00e9paration de joints de briques en hauteur par des cordistes est une m\u00e9thode d\u2019acc\u00e8s courante et \u00e9conomique pour effectuer ce travail en toute s\u00e9curit\u00e9 et efficacit\u00e9. Les cordistes sont des travailleurs sp\u00e9cialis\u00e9s qui utilisent des techniques de corde reconnue [&hellip;]<\/p>\n","protected":false},"author":1,"featured_media":0,"parent":0,"menu_order":0,"comment_status":"closed","ping_status":"closed","template":"","meta":{"_acf_changed":false,"_seopress_robots_primary_cat":"0","_seopress_titles_title":"","_seopress_titles_desc":"La r\u00e9paration de joints de briques en hauteur par des cordistes est une m\u00e9thode d\u2019acc\u00e8s courante et \u00e9conomique pour effectuer ce travail.","_seopress_robots_index":"","_breakdance_hide_in_design_set":false,"_breakdance_tags":"","footnotes":""},"class_list":["post-530","page","type-page","status-publish","hentry"],"acf":[],"_links":{"self":[{"href":"https:\/\/atelierenhauteur.ca\/en\/wp-json\/wp\/v2\/pages\/530","targetHints":{"allow":["GET"]}}],"collection":[{"href":"https:\/\/atelierenhauteur.ca\/en\/wp-json\/wp\/v2\/pages"}],"about":[{"href":"https:\/\/atelierenhauteur.ca\/en\/wp-json\/wp\/v2\/types\/page"}],"author":[{"embeddable":true,"href":"https:\/\/atelierenhauteur.ca\/en\/wp-json\/wp\/v2\/users\/1"}],"replies":[{"embeddable":true,"href":"https:\/\/atelierenhauteur.ca\/en\/wp-json\/wp\/v2\/comments?post=530"}],"version-history":[{"count":3,"href":"https:\/\/atelierenhauteur.ca\/en\/wp-json\/wp\/v2\/pages\/530\/revisions"}],"predecessor-version":[{"id":985,"href":"https:\/\/atelierenhauteur.ca\/en\/wp-json\/wp\/v2\/pages\/530\/revisions\/985"}],"wp:attachment":[{"href":"https:\/\/atelierenhauteur.ca\/en\/wp-json\/wp\/v2\/media?parent=530"}],"curies":[{"name":"wp","href":"https:\/\/api.w.org\/{rel}","templated":true}]}}