{"id":540,"date":"2023-04-14T16:54:32","date_gmt":"2023-04-14T20:54:32","guid":{"rendered":"https:\/\/atelierenhauteur.ca\/?page_id=540"},"modified":"2023-10-13T08:44:18","modified_gmt":"2023-10-13T12:44:18","slug":"cleaning-dryer-ducts","status":"publish","type":"page","link":"https:\/\/atelierenhauteur.ca\/en\/nettoyage-de-conduits-secheuses\/","title":{"rendered":"Dryer vent cleaning"},"content":{"rendered":"<section class=\"bde-section-540-100 bde-section\">\n  \n  \n\t\n\n\n\n<div class=\"section-container\"><div class=\"bde-div-540-101 bde-div\">\n  \n  \n\t\n\n\n\n<h1 class=\"bde-heading-540-102 bde-heading\">\nDryer vent cleaning\n<\/h1><div class=\"bde-text-540-103 bde-text\">\nON HIGH-RISE BUILDINGS\n<\/div>\n<\/div><div class=\"bde-columns-540-104 bde-columns\"><div class=\"bde-column-540-105 bde-column\">\n  \n  \n\t\n\n\n\n<div class=\"bde-rich-text-540-106 bde-rich-text breakdance-rich-text-styles\">\n<p><strong>Dryer vent cleaning is important to avoid fire hazards and to improve dryer efficiency.<\/strong><\/p><p>It's important to note that cleaning dryer ducts at height on a multi-storey building can be dangerous, and requires the use of specialized access equipment and technical skills. To avoid accidents, we recommend that you call in a professional.<\/p>\n<\/div>\n<\/div><div class=\"bde-column-540-107 bde-column\">\n  \n  \n\t\n\n\n\n<h2 class=\"bde-heading-540-108 bde-heading\">\nSTEPS AND SERVICES FOR A SUCCESSFUL JOB:\n<\/h2><div class=\"bde-rich-text-540-109 bde-rich-text liste-numerote breakdance-rich-text-styles\">\n<ol><li><p><strong>Permits: <\/strong>If your building is less than 3 metres from the sidewalk, our team will reserve the sidewalk occupancy permits required by the city.<\/p><\/li><li><p><strong>Communications Antennas: <\/strong>In order to protect our technicians and avoid potential radiation and burns, we will have to request that they be turned off temporarily during the work period. We will be responsible for dealing with suppliers such as Videotron, Bell, Telus, Rogers and others. <\/p><\/li><li><p><strong>Security: <\/strong>Inspect the work area, identify potential hazards and implement safety measures to protect workers and bystanders on the ground.<\/p><\/li><li><p>Cleaning is done from the outside <strong>ROPE ACCESS<\/strong>by propelling compressed air through the duct, sucking out all the foam particles.<\/p><\/li><\/ol>\n<\/div>\n<\/div><\/div><div class=\"bde-div-540-118 bde-div\">\n  \n  \n\t\n\n\n\n<div class=\"bde-video-540-135 bde-video\">\n<div class=\"ee-video-container\">\n                                                                        \n                <lite-youtube\n                        videoid=\"IPtFX5fsG8Y\"\n                                                style=\"background-image: url(https:\/\/i.ytimg.com\/vi\/IPtFX5fsG8Y\/maxresdefault.jpg); \"\n                        class=\"ee-video\"\n                        title=\"\"\n                        params=\"&playsinline=0&rel=0&enablejsapi=1\"\n                >\n                <\/lite-youtube>\n                    \n        \n            \n    <\/div>\n\n<\/div><div class=\"bde-columns-540-119 bde-columns\"><div class=\"bde-column-540-120 bde-column\">\n  \n  \n\t\n\n\n\n<div class=\"bde-video-540-122 bde-video\">\n<div class=\"ee-video-container\">\n                                                                        \n                <lite-youtube\n                        videoid=\"zkRi76Unxw8\"\n                                                style=\"background-image: url(https:\/\/i.ytimg.com\/vi\/zkRi76Unxw8\/maxresdefault.jpg); \"\n                        class=\"ee-video\"\n                        title=\"\"\n                        params=\"&playsinline=0&rel=0&enablejsapi=1\"\n                >\n                <\/lite-youtube>\n                    \n        \n            \n    <\/div>\n\n<\/div>\n<\/div><div class=\"bde-column-540-121 bde-column\">\n  \n  \n\t\n\n\n\n<div class=\"bde-video-540-123 bde-video\">\n<div class=\"ee-video-container\">\n                                                                        \n                <lite-youtube\n                        videoid=\"e81hKuyLi6c\"\n                                                style=\"background-image: url(https:\/\/i.ytimg.com\/vi\/e81hKuyLi6c\/maxresdefault.jpg); \"\n                        class=\"ee-video\"\n                        title=\"\"\n                        params=\"&playsinline=0&rel=0&enablejsapi=1\"\n                >\n                <\/lite-youtube>\n                    \n        \n            \n    <\/div>\n\n<\/div>\n<\/div><\/div>\n<\/div><div class=\"bde-rich-text-540-110 bde-rich-text breakdance-rich-text-styles\">\n<p>At <strong>Overhead workshop<\/strong>We strictly adhere to established safety standards. <\/p><p>Our entire team of rope access technicians is SPRAT\/IRATA certified.<\/p><p>Not only are they highly qualified, but they are also supported by our ongoing training program to ensure consistent safety during worksite operations, as well as follow-up on work quality, new methods or the use of new products or work tools.<\/p>\n<\/div><div class=\"bde-columns-540-111 bde-columns\"><div class=\"bde-column-540-112 bde-column\">\n  \n  \n\t\n\n\n\n<div class=\"bde-gallery-540-117 bde-gallery\">\n\n\n  \n\n\n\n\n\n\n\n\n\n\n<div class=\"ee-gallery ee-gallery--default ee-gallery--grid ee-gallery--single ee-gallery--lightbox ee-gallery-- ee-gallery--caption- ee-gallery--caption-none ee-gallery--ratio\">\n                  \n      <a class=\"ee-gallery-item ee-gallery-item--image ee-gallery-item--single\" href=\"https:\/\/atelierenhauteur.ca\/wp-content\/uploads\/2023\/04\/nettoyage-conduits-secheuse-2.jpg\"  data-sub-html=\"<span><\/span>\" data-category=\"1\"                  data-lg-size=\"800-600\"\n\n      >\n        <figure class=\"ee-gallery-item-figure\">\n                        <img loading=\"lazy\" decoding=\"async\" class=\"breakdance-image-object\" src=\"https:\/\/atelierenhauteur.ca\/wp-content\/uploads\/2023\/04\/nettoyage-conduits-secheuse-2.jpg\" width=\"800\" height=\"600\" srcset=\"https:\/\/atelierenhauteur.ca\/wp-content\/uploads\/2023\/04\/nettoyage-conduits-secheuse-2.jpg 800w, https:\/\/atelierenhauteur.ca\/wp-content\/uploads\/2023\/04\/nettoyage-conduits-secheuse-2-300x225.jpg 300w, https:\/\/atelierenhauteur.ca\/wp-content\/uploads\/2023\/04\/nettoyage-conduits-secheuse-2-768x576.jpg 768w\" sizes=\"auto, (max-width: 800px) 100vw, 800px\" alt=\"Electrical cables coming out of a brick wall\">\n          \n                  <\/figure>\n      <\/a>\n\n                \n      <a class=\"ee-gallery-item ee-gallery-item--image ee-gallery-item--single\" href=\"https:\/\/atelierenhauteur.ca\/wp-content\/uploads\/2023\/04\/nettoyage-conduits-secheuse-1-e1681505618244.jpg\"  data-sub-html=\"<span><\/span>\" data-category=\"1\"                  data-lg-size=\"600-800\"\n\n      >\n        <figure class=\"ee-gallery-item-figure\">\n                        <img loading=\"lazy\" decoding=\"async\" class=\"breakdance-image-object\" src=\"https:\/\/atelierenhauteur.ca\/wp-content\/uploads\/2023\/04\/nettoyage-conduits-secheuse-1-e1681505618244.jpg\" width=\"600\" height=\"800\" srcset=\"https:\/\/atelierenhauteur.ca\/wp-content\/uploads\/2023\/04\/nettoyage-conduits-secheuse-1-e1681505618244.jpg 600w, https:\/\/atelierenhauteur.ca\/wp-content\/uploads\/2023\/04\/nettoyage-conduits-secheuse-1-e1681505618244-225x300.jpg 225w\" sizes=\"auto, (max-width: 600px) 100vw, 600px\" alt=\"Suspended worker repairing the facade of a building\">\n          \n                  <\/figure>\n      <\/a>\n\n      \n  <\/div>\n\n\n\n<\/div>\n<\/div><\/div><\/div>\n<\/section><section class=\"bde-section-540-131 bde-section\">\n  \n  \n\t\n\n\n\n<div class=\"section-container\"><a class=\"bde-container-link-540-132 bde-container-link breakdance-link\" href=\"#\" target=\"_self\">\n  \n  \n\t\n\n\n\n<div class=\"bde-div-540-133 bde-div\">\n  \n  \n\t\n\n\n\n<h2 class=\"bde-heading-540-134 bde-heading\">\nContact us for a free quote.\n<\/h2>\n<\/div>\n\n<\/a><\/div>\n<\/section><section class=\"bde-section-540-128 bde-section\">\n              \n  \n  \n\t\n\n  <div class=\"section-background-overlay\"><\/div>\n\n\n<div class=\"section-container\"><div class=\"bde-text-540-129 bde-text\">\nShare this service\n<\/div><div class=\"bde-social-share-buttons-540-130 bde-social-share-buttons\">\n<div class=\"bde-social-share-button bde-social-share-button-mobile js-breakdance-share-mobile\">\n  <span class=\"bde-social-share-button-icon\">\n    <svg fill=\"none\" xmlns=\"http:\/\/www.w3.org\/2000\/svg\" viewbox=\"0 0 16 16\">\n      <path d=\"M11 2.5a2.5 2.5 0 1 1 .603 1.628l-6.718 3.12c.154.49.154 1.015 0 1.504l6.718 3.12a2.5 2.5 0 1 1-.488.876l-6.718-3.12a2.5 2.5 0 1 1 0-3.256l6.718-3.12A2.504 2.504 0 0 1 11 2.5Z\" fill=\"currentColor\"\/>\n    <\/svg>\n  <\/span>\n  <\/div>\n\n<div class=\"js-breakdance-share-button bde-social-share-button bde-social-share-button-facebook\" data-network=\"Facebook\"  >\n    <span class=\"bde-social-share-button-icon\">\n        <svg aria-hidden=\"true\" focusable=\"false\" data-prefix=\"fab\" class=\"svg-inline--fa fa-facebook fa-w-16\" role=\"img\" fill=\"none\" xmlns=\"http:\/\/www.w3.org\/2000\/svg\" viewbox=\"0 0 800 800\">\n      <path d=\"M768 0H32C14.3 0 0 14.3 0 32v736c0 17.7 14.3 32 32 32h736c17.7 0 32-14.3 32-32V32c0-17.7-14.3-32-32-32Zm-92.4 233.5h-63.9c-50.1 0-59.8 23.8-59.8 58.8v77.1h119.6l-15.6 120.7h-104V800H427.2V490.2H322.9V369.4h104.3v-89c0-103.3 63.1-159.6 155.3-159.6 44.2 0 82.1 3.3 93.2 4.8v107.9h-.1Z\" fill=\"currentColor\"\/>\n    <\/svg>\n      <\/span>\n    <\/div>\n<div class=\"js-breakdance-share-button bde-social-share-button bde-social-share-button-linkedin\" data-network=\"LinkedIn\"  >\n    <span class=\"bde-social-share-button-icon\">\n        <svg aria-hidden=\"true\" focusable=\"false\" data-prefix=\"fab\" class=\"svg-inline--fa fa-linkedin fa-w-14\" role=\"img\" xmlns=\"http:\/\/www.w3.org\/2000\/svg\" viewbox=\"0 0 448 512\">\n      <path fill=\"currentColor\" d=\"M416 32H31.9C14.3 32 0 46.5 0 64.3v383.4C0 465.5 14.3 480 31.9 480H416c17.6 0 32-14.5 32-32.3V64.3c0-17.8-14.4-32.3-32-32.3zM135.4 416H69V202.2h66.5V416zm-33.2-243c-21.3 0-38.5-17.3-38.5-38.5S80.9 96 102.2 96c21.2 0 38.5 17.3 38.5 38.5 0 21.3-17.2 38.5-38.5 38.5zm282.1 243h-66.4V312c0-24.8-.5-56.7-34.5-56.7-34.6 0-39.9 27-39.9 54.9V416h-66.4V202.2h63.7v29.2h.9c8.9-16.8 30.6-34.5 62.9-34.5 67.2 0 79.7 44.3 79.7 101.9V416z\"><\/path>\n    <\/svg>\n      <\/span>\n    <\/div>\n<div class=\"js-breakdance-share-button bde-social-share-button bde-social-share-button-email\" data-network=\"Email\"  >\n    <span class=\"bde-social-share-button-icon\">\n        <svg class=\"svg-inline--fa fa-envelope-square fa-w-14\" role=\"img\" fill=\"none\" xmlns=\"http:\/\/www.w3.org\/2000\/svg\" viewbox=\"0 0 20 16\">\n      <path d=\"M18 0H2C.9 0 .01.9.01 2L0 14c0 1.1.9 2 2 2h16c1.1 0 2-.9 2-2V2c0-1.1-.9-2-2-2Zm0 4-8 5-8-5V2l8 5 8-5v2Z\" fill=\"currentColor\"\/>\n    <\/svg>\n      <\/span>\n    <\/div>\n\n<\/div><\/div>\n<\/section>","protected":false},"excerpt":{"rendered":"<p>Nettoyage de conduits de s\u00e9cheuses SUR B\u00c2TIMENTS EN HAUTEUR Le nettoyage du conduit de la s\u00e9cheuse est important pour \u00e9viter les risques d&rsquo;incendie et pour am\u00e9liorer l&rsquo;efficacit\u00e9 de la s\u00e9cheuse.Il est important de noter que le nettoyage des conduits de s\u00e9cheuses en hauteur sur un b\u00e2timent \u00e0 \u00e9tages, peut \u00eatre dangereux et n\u00e9cessite l&rsquo;utilisation de [&hellip;]<\/p>\n","protected":false},"author":1,"featured_media":0,"parent":0,"menu_order":0,"comment_status":"closed","ping_status":"closed","template":"","meta":{"_acf_changed":false,"_seopress_robots_primary_cat":"0","_seopress_titles_title":"","_seopress_titles_desc":"Le nettoyage du conduit de la s\u00e9cheuse est important pour \u00e9viter les risques d&#039;incendie et pour am\u00e9liorer l&#039;efficacit\u00e9 de la s\u00e9cheuse.","_seopress_robots_index":"","_seopress_analysis_target_kw":"Nettoyage de conduits s\u00e9cheuses","_breakdance_hide_in_design_set":false,"_breakdance_tags":"","footnotes":""},"class_list":["post-540","page","type-page","status-publish","hentry"],"acf":[],"_links":{"self":[{"href":"https:\/\/atelierenhauteur.ca\/en\/wp-json\/wp\/v2\/pages\/540","targetHints":{"allow":["GET"]}}],"collection":[{"href":"https:\/\/atelierenhauteur.ca\/en\/wp-json\/wp\/v2\/pages"}],"about":[{"href":"https:\/\/atelierenhauteur.ca\/en\/wp-json\/wp\/v2\/types\/page"}],"author":[{"embeddable":true,"href":"https:\/\/atelierenhauteur.ca\/en\/wp-json\/wp\/v2\/users\/1"}],"replies":[{"embeddable":true,"href":"https:\/\/atelierenhauteur.ca\/en\/wp-json\/wp\/v2\/comments?post=540"}],"version-history":[{"count":0,"href":"https:\/\/atelierenhauteur.ca\/en\/wp-json\/wp\/v2\/pages\/540\/revisions"}],"wp:attachment":[{"href":"https:\/\/atelierenhauteur.ca\/en\/wp-json\/wp\/v2\/media?parent=540"}],"curies":[{"name":"wp","href":"https:\/\/api.w.org\/{rel}","templated":true}]}}