{"id":625,"date":"2023-06-06T15:42:05","date_gmt":"2023-06-06T19:42:05","guid":{"rendered":"https:\/\/atelierenhauteur.ca\/?page_id=625"},"modified":"2023-07-07T09:39:29","modified_gmt":"2023-07-07T13:39:29","slug":"overhead-painting","status":"publish","type":"page","link":"https:\/\/atelierenhauteur.ca\/en\/la-peinture-en-hauteur\/","title":{"rendered":"Overhead painting"},"content":{"rendered":"<section class=\"bde-section-625-136 bde-section\">\n  \n  \n\t\n\n\n\n<div class=\"section-container\"><\/div>\n<\/section><section class=\"bde-section-625-100 bde-section\">\n  \n  \n\t\n\n\n\n<div class=\"section-container\"><div class=\"bde-div-625-101 bde-div\">\n  \n  \n\t\n\n\n\n<h1 class=\"bde-heading-625-102 bde-heading\">\nOverhead painting\n<\/h1><div class=\"bde-text-625-103 bde-text\">\nON BUILDING FACADES, BRIDGES AND TOWERS\n<\/div>\n<\/div><div class=\"bde-columns-625-104 bde-columns\"><div class=\"bde-column-625-105 bde-column\">\n  \n  \n\t\n\n\n\n<div class=\"bde-rich-text-625-106 bde-rich-text breakdance-rich-text-styles\">\n<p><strong>Painting at height by rope access technicians refers to an artistic practice in which specialized professionals, known as rope access technicians or urban mountaineers, use rope access techniques to carry out painting work on structures at height, such as building facades, bridges, towers. Or other hard-to-reach structures.<\/strong><\/p><p>Painting at height by rope access technicians requires specialized skills in climbing, rope access and working at heights. It's important to call on qualified, experienced professionals to guarantee safe, high-quality work.<\/p>\n<\/div>\n<\/div><div class=\"bde-column-625-107 bde-column\">\n  \n  \n\t\n\n\n\n<h2 class=\"bde-heading-625-108 bde-heading\">\nHere's how rope access painters usually work at height:\n<\/h2><div class=\"bde-rich-text-625-109 bde-rich-text liste-numerote breakdance-rich-text-styles\">\n<ol><li><p><strong>Project evaluation : <\/strong>Assessment of the structure to be painted, taking into account factors such as access, safety, surface preparation requirements and work planning.<\/p><p><\/p><\/li><li><p><strong>Safety equipment : <\/strong>Before starting work, rope access technicians equip themselves with harnesses, helmets, ropes, karabiners and other essential safety equipment for working at height. Safety is an absolute priority in this type of activity.<\/p><p><\/p><\/li><li><p><strong>Surface preparation :<\/strong> Rope workers prepare the surface for painting, performing tasks such as cleaning, removing flaking or damaged paint, filling cracks and priming where necessary.<\/p><p><\/p><\/li><li><p><strong>Paint application : <\/strong>Rope workers use specific painting techniques adapted to the surface and type of paint used. They may use rollers, brushes or even sprayers to apply the paint evenly.<\/p><p><\/p><\/li><li><p><strong>Working in a team : <\/strong>Painting at height by rope access technicians requires close coordination and constant communication between team members. Rope workers move along the ropes, ensuring that all areas to be painted are precisely covered.<\/p><p><\/p><\/li><li><p><strong>Compliance with safety standards :<\/strong> Rope access technicians comply strictly with current safety standards for work at height. They are trained to manage risks and avoid accidents. They use appropriate belay techniques and are vigilant about weather conditions and the state of the structure.<\/p><\/li><\/ol>\n<\/div>\n<\/div><\/div><div class=\"bde-div-625-118 bde-div\">\n  \n  \n\t\n\n\n\n<div class=\"bde-columns-625-119 bde-columns\"><div class=\"bde-column-625-121 bde-column\">\n  \n  \n\t\n\n\n\n<div class=\"bde-video-625-123 bde-video\">\n<div class=\"ee-video-container\">\n                                                                        \n                <lite-youtube\n                        videoid=\"T6_embUl89M\"\n                                                style=\"background-image: url(https:\/\/i.ytimg.com\/vi\/T6_embUl89M\/maxresdefault.jpg); \"\n                        class=\"ee-video\"\n                        title=\"\"\n                        params=\"&playsinline=0&rel=0&enablejsapi=1\"\n                >\n                <\/lite-youtube>\n                    \n        \n            \n    <\/div>\n\n<\/div>\n<\/div><div class=\"bde-column-625-120 bde-column\">\n  \n  \n\t\n\n\n\n<div class=\"bde-rich-text-625-110 bde-rich-text breakdance-rich-text-styles\">\n<p>At <strong>Overhead workshop<\/strong>our entire team of rope access technicians is SPRAT\/IRATA certified<\/p><p>Not only are they highly qualified, but they are also supported by our ongoing training program to ensure consistent safety during worksite operations, as well as follow-up on work quality, new methods or the use of new products or work tools.<\/p>\n<\/div>\n<\/div><\/div>\n<\/div><div class=\"bde-columns-625-111 bde-columns\"><div class=\"bde-column-625-112 bde-column\">\n  \n  \n\t\n\n\n\n<div class=\"bde-image-625-135 bde-image\">\n<figure class=\"breakdance-image breakdance-image--627\">\n\t<div class=\"breakdance-image-container\">\n\t\t<div class=\"breakdance-image-clip\"><a class=\"breakdance-image-link breakdance-image-link--lightbox\" href=\"https:\/\/atelierenhauteur.ca\/wp-content\/uploads\/2023\/06\/peinture-en-hauteur-lr.jpg\" target=\"_self\" rel=\"noopener\" data-sub-html=\"\" data-lg-size=\"-\"><img loading=\"lazy\" decoding=\"async\" class=\"breakdance-image-object\" src=\"https:\/\/atelierenhauteur.ca\/wp-content\/uploads\/2023\/06\/peinture-en-hauteur-lr.jpg\" width=\"1300\" height=\"731\" srcset=\"https:\/\/atelierenhauteur.ca\/wp-content\/uploads\/2023\/06\/peinture-en-hauteur-lr.jpg 1300w, https:\/\/atelierenhauteur.ca\/wp-content\/uploads\/2023\/06\/peinture-en-hauteur-lr-300x169.jpg 300w, https:\/\/atelierenhauteur.ca\/wp-content\/uploads\/2023\/06\/peinture-en-hauteur-lr-1024x576.jpg 1024w, https:\/\/atelierenhauteur.ca\/wp-content\/uploads\/2023\/06\/peinture-en-hauteur-lr-768x432.jpg 768w\" sizes=\"auto, (max-width: 1300px) 100vw, 1300px\"><\/a><\/div>\n\t<\/div><\/figure>\n\n<\/div>\n<\/div><\/div><\/div>\n<\/section><section class=\"bde-section-625-131 bde-section\">\n  \n  \n\t\n\n\n\n<div class=\"section-container\"><a class=\"bde-container-link-625-132 bde-container-link breakdance-link\" href=\"#\" target=\"_self\">\n  \n  \n\t\n\n\n\n<div class=\"bde-div-625-133 bde-div\">\n  \n  \n\t\n\n\n\n<h2 class=\"bde-heading-625-134 bde-heading\">\nContact us for a free quote.\n<\/h2>\n<\/div>\n\n<\/a><\/div>\n<\/section><section class=\"bde-section-625-128 bde-section\">\n              \n  \n  \n\t\n\n  <div class=\"section-background-overlay\"><\/div>\n\n\n<div class=\"section-container\"><div class=\"bde-text-625-129 bde-text\">\nShare this service\n<\/div><div class=\"bde-social-share-buttons-625-130 bde-social-share-buttons\">\n<div class=\"bde-social-share-button bde-social-share-button-mobile js-breakdance-share-mobile\">\n  <span class=\"bde-social-share-button-icon\">\n    <svg fill=\"none\" xmlns=\"http:\/\/www.w3.org\/2000\/svg\" viewbox=\"0 0 16 16\">\n      <path d=\"M11 2.5a2.5 2.5 0 1 1 .603 1.628l-6.718 3.12c.154.49.154 1.015 0 1.504l6.718 3.12a2.5 2.5 0 1 1-.488.876l-6.718-3.12a2.5 2.5 0 1 1 0-3.256l6.718-3.12A2.504 2.504 0 0 1 11 2.5Z\" fill=\"currentColor\"\/>\n    <\/svg>\n  <\/span>\n  <\/div>\n\n<div class=\"js-breakdance-share-button bde-social-share-button bde-social-share-button-facebook\" data-network=\"Facebook\"  >\n    <span class=\"bde-social-share-button-icon\">\n        <svg aria-hidden=\"true\" focusable=\"false\" data-prefix=\"fab\" class=\"svg-inline--fa fa-facebook fa-w-16\" role=\"img\" fill=\"none\" xmlns=\"http:\/\/www.w3.org\/2000\/svg\" viewbox=\"0 0 800 800\">\n      <path d=\"M768 0H32C14.3 0 0 14.3 0 32v736c0 17.7 14.3 32 32 32h736c17.7 0 32-14.3 32-32V32c0-17.7-14.3-32-32-32Zm-92.4 233.5h-63.9c-50.1 0-59.8 23.8-59.8 58.8v77.1h119.6l-15.6 120.7h-104V800H427.2V490.2H322.9V369.4h104.3v-89c0-103.3 63.1-159.6 155.3-159.6 44.2 0 82.1 3.3 93.2 4.8v107.9h-.1Z\" fill=\"currentColor\"\/>\n    <\/svg>\n      <\/span>\n    <\/div>\n<div class=\"js-breakdance-share-button bde-social-share-button bde-social-share-button-linkedin\" data-network=\"LinkedIn\"  >\n    <span class=\"bde-social-share-button-icon\">\n        <svg aria-hidden=\"true\" focusable=\"false\" data-prefix=\"fab\" class=\"svg-inline--fa fa-linkedin fa-w-14\" role=\"img\" xmlns=\"http:\/\/www.w3.org\/2000\/svg\" viewbox=\"0 0 448 512\">\n      <path fill=\"currentColor\" d=\"M416 32H31.9C14.3 32 0 46.5 0 64.3v383.4C0 465.5 14.3 480 31.9 480H416c17.6 0 32-14.5 32-32.3V64.3c0-17.8-14.4-32.3-32-32.3zM135.4 416H69V202.2h66.5V416zm-33.2-243c-21.3 0-38.5-17.3-38.5-38.5S80.9 96 102.2 96c21.2 0 38.5 17.3 38.5 38.5 0 21.3-17.2 38.5-38.5 38.5zm282.1 243h-66.4V312c0-24.8-.5-56.7-34.5-56.7-34.6 0-39.9 27-39.9 54.9V416h-66.4V202.2h63.7v29.2h.9c8.9-16.8 30.6-34.5 62.9-34.5 67.2 0 79.7 44.3 79.7 101.9V416z\"><\/path>\n    <\/svg>\n      <\/span>\n    <\/div>\n<div class=\"js-breakdance-share-button bde-social-share-button bde-social-share-button-email\" data-network=\"Email\"  >\n    <span class=\"bde-social-share-button-icon\">\n        <svg class=\"svg-inline--fa fa-envelope-square fa-w-14\" role=\"img\" fill=\"none\" xmlns=\"http:\/\/www.w3.org\/2000\/svg\" viewbox=\"0 0 20 16\">\n      <path d=\"M18 0H2C.9 0 .01.9.01 2L0 14c0 1.1.9 2 2 2h16c1.1 0 2-.9 2-2V2c0-1.1-.9-2-2-2Zm0 4-8 5-8-5V2l8 5 8-5v2Z\" fill=\"currentColor\"\/>\n    <\/svg>\n      <\/span>\n    <\/div>\n\n<\/div><\/div>\n<\/section>","protected":false},"excerpt":{"rendered":"<p>La peinture en hauteur SUR FA\u00c7ADE DE B\u00c2TIMENTS, PONTS ET TOURS La peinture en hauteur par des cordistes fait r\u00e9f\u00e9rence \u00e0 une pratique artistique o\u00f9 des professionnels sp\u00e9cialis\u00e9s, appel\u00e9s cordistes ou alpinistes urbains, utilisent des techniques d&rsquo;acc\u00e8s sur cordes pour r\u00e9aliser des travaux de peinture sur des structures en hauteur, telles que des fa\u00e7ades de [&hellip;]<\/p>\n","protected":false},"author":1,"featured_media":0,"parent":0,"menu_order":0,"comment_status":"closed","ping_status":"closed","template":"","meta":{"_acf_changed":false,"_seopress_robots_primary_cat":"0","_seopress_titles_title":"","_seopress_titles_desc":"Les cordistes utilisent des techniques de peinture sp\u00e9cifiques adapt\u00e9es \u00e0 la surface et au type de peinture utilis\u00e9e.","_seopress_robots_index":"","_breakdance_hide_in_design_set":false,"_breakdance_tags":"","footnotes":""},"class_list":["post-625","page","type-page","status-publish","hentry"],"acf":[],"_links":{"self":[{"href":"https:\/\/atelierenhauteur.ca\/en\/wp-json\/wp\/v2\/pages\/625","targetHints":{"allow":["GET"]}}],"collection":[{"href":"https:\/\/atelierenhauteur.ca\/en\/wp-json\/wp\/v2\/pages"}],"about":[{"href":"https:\/\/atelierenhauteur.ca\/en\/wp-json\/wp\/v2\/types\/page"}],"author":[{"embeddable":true,"href":"https:\/\/atelierenhauteur.ca\/en\/wp-json\/wp\/v2\/users\/1"}],"replies":[{"embeddable":true,"href":"https:\/\/atelierenhauteur.ca\/en\/wp-json\/wp\/v2\/comments?post=625"}],"version-history":[{"count":0,"href":"https:\/\/atelierenhauteur.ca\/en\/wp-json\/wp\/v2\/pages\/625\/revisions"}],"wp:attachment":[{"href":"https:\/\/atelierenhauteur.ca\/en\/wp-json\/wp\/v2\/media?parent=625"}],"curies":[{"name":"wp","href":"https:\/\/api.w.org\/{rel}","templated":true}]}}