{"id":691,"date":"2024-05-07T15:40:45","date_gmt":"2024-05-07T19:40:45","guid":{"rendered":"https:\/\/atelierenhauteur.ca\/?page_id=691"},"modified":"2024-05-07T15:40:45","modified_gmt":"2024-05-07T19:40:45","slug":"securing-building-facades","status":"publish","type":"page","link":"https:\/\/atelierenhauteur.ca\/en\/securisation-des-facades-de-batiment\/","title":{"rendered":"Securing building facades"},"content":{"rendered":"<section class=\"bde-section-691-100 bde-section\">\n  \n  \n\t\n\n\n\n<div class=\"section-container\"><div class=\"bde-div-691-101 bde-div\">\n  \n  \n\t\n\n\n\n<h1 class=\"bde-heading-691-102 bde-heading\">\nSecuring building facades\n<\/h1><div class=\"bde-text-691-103 bde-text\">\nBuilding confidence, securing buildings, one project at a time.\n<\/div>\n<\/div><div class=\"bde-columns-691-104 bde-columns\"><div class=\"bde-column-691-105 bde-column\">\n  \n  \n\t\n\n\n\n<div class=\"bde-rich-text-691-106 bde-rich-text breakdance-rich-text-styles\">\n<p><strong>Regular inspections of building facades can identify any weather-related defects, such as peeling paint, cracks in concrete, frost-weakened bricks or damaged or missing caulking. <\/strong><\/p><p><strong>Once these deficiencies have been uncovered, if facade construction materials are weakened, damaged or defective and at risk of falling, they need to be replaced, temporarily secured or removed as a matter of urgency to ensure the building's safety and durability, since more serious waterproofing and other structural damage is usually added over time.<\/strong><\/p><p>At Atelier en Hauteur, we strictly adhere to established safety standards. <\/p><p>Our entire team of rope access technicians is SPRAT\/IRATA certified.<\/p><p><strong>Annual maintenance : <\/strong>L'Atelier en Hauteur specializes in the general maintenance of building fa\u00e7ades, including masonry inspections and repairs, caulking, etc.<\/p><p>Not only are they highly qualified, but they are also supported by our ongoing training program to ensure consistent safety during site operations, as well as follow-up on the quality of work, new methods or the use of new products or work tools.<\/p><p><\/p>\n<\/div>\n<\/div><div class=\"bde-column-691-107 bde-column\">\n  \n  \n\t\n\n\n\n<h2 class=\"bde-heading-691-108 bde-heading\">\nSTEPS AND SERVICES FOR A SUCCESSFUL JOB:\n<\/h2><div class=\"bde-rich-text-691-109 bde-rich-text liste-numerote breakdance-rich-text-styles\">\n<ol><li><p><strong>Preventive inspection : <\/strong>Our team regularly inspects building facades to identify weather-related defects, such as peeling paint, concrete cracks, frost-weakened bricks and damaged or missing caulking.<\/p><\/li><li><p><strong>Diagnosis of disabilities : <\/strong>Once the deficiencies have been uncovered, we assess the severity of the problems, identifying weakened, damaged or defective building materials, and those at risk of falling.<\/p><\/li><li><p><strong>Securing high-risk areas: <\/strong>If building materials are at risk, we replace them, temporarily secure them or remove them as a matter of urgency to ensure the safety and durability of the building.<\/p><\/li><li><p><strong>Preventing future problems : <\/strong>This step helps prevent sealing problems and other more serious structural damage that could occur over time.<\/p><\/li><li><p><strong>Strict safety standards: At Atelier en Hauteur, we strictly adhere to the safety standards established for each operation.<\/strong><\/p><\/li><li><p><strong>Certified technicians : <\/strong>All our rope access technicians are SPRAT\/IRATA certified, guaranteeing their expertise in working at height.<\/p><\/li><li><p><strong>Maintenance, inspection and repair: <\/strong>L'Atelier en Hauteur specializes in the general maintenance of building facades, including masonry and caulking inspections and repairs.<\/p><p><\/p><\/li><\/ol>\n<\/div>\n<\/div><\/div><div class=\"bde-rich-text-691-110 bde-rich-text breakdance-rich-text-styles\">\n<p>Our team is highly qualified and benefits from an ongoing training program. This ensures a consistent level of safety during on-site operations, and guarantees quality work follow-up. We keep abreast of the latest methods, products and work tools to deliver the highest quality services. <strong>At Atelier en Hauteur, we're committed to maintaining the safety, durability and quality of every building we inspect and maintain.<\/strong><\/p>\n<\/div><div class=\"bde-video-691-111 bde-video\">\n<div class=\"ee-video-container\">\n                                                                        \n                <lite-youtube\n                        videoid=\"rC61S2AgII0\"\n                                                style=\"background-image: url(https:\/\/i.ytimg.com\/vi\/rC61S2AgII0\/maxresdefault.jpg); \"\n                        class=\"ee-video\"\n                        title=\"\"\n                        params=\"&playsinline=0&rel=0&enablejsapi=1\"\n                >\n                <\/lite-youtube>\n                    \n        \n            \n    <\/div>\n\n<\/div><\/div>\n<\/section><section class=\"bde-section-691-113 bde-section\">\n  \n  \n\t\n\n\n\n<div class=\"section-container\"><a class=\"bde-container-link-691-114 bde-container-link breakdance-link\" href=\"#\" target=\"_self\">\n  \n  \n\t\n\n\n\n<div class=\"bde-div-691-115 bde-div\">\n  \n  \n\t\n\n\n\n<h2 class=\"bde-heading-691-116 bde-heading\">\nContact us for a free quote.\n<\/h2>\n<\/div>\n\n<\/a><\/div>\n<\/section><section class=\"bde-section-691-117 bde-section\">\n              \n  \n  \n\t\n\n  <div class=\"section-background-overlay\"><\/div>\n\n\n<div class=\"section-container\"><div class=\"bde-text-691-118 bde-text\">\nShare this service\n<\/div><div class=\"bde-social-share-buttons-691-119 bde-social-share-buttons\">\n<div class=\"bde-social-share-button bde-social-share-button-mobile js-breakdance-share-mobile\">\n  <span class=\"bde-social-share-button-icon\">\n    <svg fill=\"none\" xmlns=\"http:\/\/www.w3.org\/2000\/svg\" viewbox=\"0 0 16 16\">\n      <path d=\"M11 2.5a2.5 2.5 0 1 1 .603 1.628l-6.718 3.12c.154.49.154 1.015 0 1.504l6.718 3.12a2.5 2.5 0 1 1-.488.876l-6.718-3.12a2.5 2.5 0 1 1 0-3.256l6.718-3.12A2.504 2.504 0 0 1 11 2.5Z\" fill=\"currentColor\"\/>\n    <\/svg>\n  <\/span>\n  <\/div>\n\n<div class=\"js-breakdance-share-button bde-social-share-button bde-social-share-button-facebook\" data-network=\"Facebook\"  >\n    <span class=\"bde-social-share-button-icon\">\n        <svg aria-hidden=\"true\" focusable=\"false\" data-prefix=\"fab\" class=\"svg-inline--fa fa-facebook fa-w-16\" role=\"img\" fill=\"none\" xmlns=\"http:\/\/www.w3.org\/2000\/svg\" viewbox=\"0 0 800 800\">\n      <path d=\"M768 0H32C14.3 0 0 14.3 0 32v736c0 17.7 14.3 32 32 32h736c17.7 0 32-14.3 32-32V32c0-17.7-14.3-32-32-32Zm-92.4 233.5h-63.9c-50.1 0-59.8 23.8-59.8 58.8v77.1h119.6l-15.6 120.7h-104V800H427.2V490.2H322.9V369.4h104.3v-89c0-103.3 63.1-159.6 155.3-159.6 44.2 0 82.1 3.3 93.2 4.8v107.9h-.1Z\" fill=\"currentColor\"\/>\n    <\/svg>\n      <\/span>\n    <\/div>\n<div class=\"js-breakdance-share-button bde-social-share-button bde-social-share-button-linkedin\" data-network=\"LinkedIn\"  >\n    <span class=\"bde-social-share-button-icon\">\n        <svg aria-hidden=\"true\" focusable=\"false\" data-prefix=\"fab\" class=\"svg-inline--fa fa-linkedin fa-w-14\" role=\"img\" xmlns=\"http:\/\/www.w3.org\/2000\/svg\" viewbox=\"0 0 448 512\">\n      <path fill=\"currentColor\" d=\"M416 32H31.9C14.3 32 0 46.5 0 64.3v383.4C0 465.5 14.3 480 31.9 480H416c17.6 0 32-14.5 32-32.3V64.3c0-17.8-14.4-32.3-32-32.3zM135.4 416H69V202.2h66.5V416zm-33.2-243c-21.3 0-38.5-17.3-38.5-38.5S80.9 96 102.2 96c21.2 0 38.5 17.3 38.5 38.5 0 21.3-17.2 38.5-38.5 38.5zm282.1 243h-66.4V312c0-24.8-.5-56.7-34.5-56.7-34.6 0-39.9 27-39.9 54.9V416h-66.4V202.2h63.7v29.2h.9c8.9-16.8 30.6-34.5 62.9-34.5 67.2 0 79.7 44.3 79.7 101.9V416z\"><\/path>\n    <\/svg>\n      <\/span>\n    <\/div>\n<div class=\"js-breakdance-share-button bde-social-share-button bde-social-share-button-email\" data-network=\"Email\"  >\n    <span class=\"bde-social-share-button-icon\">\n        <svg class=\"svg-inline--fa fa-envelope-square fa-w-14\" role=\"img\" fill=\"none\" xmlns=\"http:\/\/www.w3.org\/2000\/svg\" viewbox=\"0 0 20 16\">\n      <path d=\"M18 0H2C.9 0 .01.9.01 2L0 14c0 1.1.9 2 2 2h16c1.1 0 2-.9 2-2V2c0-1.1-.9-2-2-2Zm0 4-8 5-8-5V2l8 5 8-5v2Z\" fill=\"currentColor\"\/>\n    <\/svg>\n      <\/span>\n    <\/div>\n\n<\/div><\/div>\n<\/section>","protected":false},"excerpt":{"rendered":"<p>S\u00e9curisation des fa\u00e7ades de b\u00e2timent \u00c9lever la confiance, s\u00e9curiser les b\u00e2timents, un projet \u00e0 la fois. L&rsquo;inspection r\u00e9guli\u00e8re des fa\u00e7ades de b\u00e2timent, permet d&rsquo;identifier s\u2019il-y-a-lieu, les d\u00e9faillances caus\u00e9es par les intemp\u00e9ries telles que peinture \u00e9caill\u00e9e, fissures de b\u00e9ton, briques fragilis\u00e9es par le gel et devenues chancelantes, calfeutrage endommag\u00e9 ou manquant. Une fois ces d\u00e9ficiences mises [&hellip;]<\/p>\n","protected":false},"author":1,"featured_media":0,"parent":0,"menu_order":0,"comment_status":"closed","ping_status":"closed","template":"","meta":{"_acf_changed":false,"_seopress_robots_primary_cat":"0","_seopress_titles_title":"","_seopress_titles_desc":"L&#039;inspection r\u00e9guli\u00e8re des fa\u00e7ades de b\u00e2timent, permet d&#039;identifier, les d\u00e9faillances caus\u00e9es par les intemp\u00e9ries. Atelier en hauteur s&#039;en occupe!","_seopress_robots_index":"","_breakdance_hide_in_design_set":false,"_breakdance_tags":"","footnotes":""},"class_list":["post-691","page","type-page","status-publish","hentry"],"acf":[],"_links":{"self":[{"href":"https:\/\/atelierenhauteur.ca\/en\/wp-json\/wp\/v2\/pages\/691","targetHints":{"allow":["GET"]}}],"collection":[{"href":"https:\/\/atelierenhauteur.ca\/en\/wp-json\/wp\/v2\/pages"}],"about":[{"href":"https:\/\/atelierenhauteur.ca\/en\/wp-json\/wp\/v2\/types\/page"}],"author":[{"embeddable":true,"href":"https:\/\/atelierenhauteur.ca\/en\/wp-json\/wp\/v2\/users\/1"}],"replies":[{"embeddable":true,"href":"https:\/\/atelierenhauteur.ca\/en\/wp-json\/wp\/v2\/comments?post=691"}],"version-history":[{"count":0,"href":"https:\/\/atelierenhauteur.ca\/en\/wp-json\/wp\/v2\/pages\/691\/revisions"}],"wp:attachment":[{"href":"https:\/\/atelierenhauteur.ca\/en\/wp-json\/wp\/v2\/media?parent=691"}],"curies":[{"name":"wp","href":"https:\/\/api.w.org\/{rel}","templated":true}]}}