{"id":695,"date":"2023-10-20T11:14:48","date_gmt":"2023-10-20T15:14:48","guid":{"rendered":"https:\/\/atelierenhauteur.ca\/?page_id=695"},"modified":"2026-02-11T13:17:33","modified_gmt":"2026-02-11T18:17:33","slug":"testimonials","status":"publish","type":"page","link":"https:\/\/atelierenhauteur.ca\/en\/temoignages\/","title":{"rendered":"Testimonials"},"content":{"rendered":"<section class=\"bde-section-695-101 bde-section\">\n  \n  \n\t\n\n\n\n<div class=\"section-container\"><div class=\"bde-div-695-106 bde-div\">\n  \n  \n\t\n\n\n\n<h1 class=\"bde-heading-695-105 bde-heading\">\nTestimonials\n<\/h1><div class=\"bde-text-695-107 bde-text\">\nView our customer testimonials\n<\/div><div class=\"bde-button-695-111 bde-button popup\">\n    \n                                    \n    \n    \n    \n    \n            \n            <button type=\"button\" class=\"button-atom button-atom--primary bde-button__button\"  >\n    \n        <span class=\"button-atom__text\">Add a testimonial<\/span>\n\n        \n        \n            <\/button>\n    \n\n\n<\/div>\n<\/div><div class=\"bde-div-695-108 bde-div\">\n  \n  \n\t\n\n\n\n<div class=\"bde-post-loop-695-109 bde-post-loop\">    <div class=\"bde-isotope-filter-bar\">\n        <div class=\"bde-tabs\">\n            \n\n        \n      <select aria-label=\"Content tabs\" class=\"bde-tabs__select js-tab-select\">\n              <option value=\"all\" data-value=\"all\">All<\/option>\n      \n              <option value=\"tab-isotope-1\" data-value=\"24\">\n          High window washing\n        <\/option>\n          <\/select>\n  \n  \n  <div class=\"bde-tabs__tabslist-container bde-tabs__tabslist-container--dropdown is-horizontal js-tabs-container\">\n    <div class=\"bde-tabs__tabslist bde-tabs__tabslist--tabs js-tablist\" role=\"tablist\" aria-label=\"Content tabs\" aria-orientation=\"horizontal\" data-tabs-id=\"isotope\">\n              <button role=\"tab\" aria-selected=\"false\" class=\"bde-tabs__tab js-tab\" aria-controls=\"tab-panel-isotope-all\" id=\"tab-isotope-all\" data-value=\"all\">\n          <span class=\"bde-tabs__tab-title\">All<\/span>\n        <\/button>\n      \n              <button role=\"tab\" aria-selected=\"false\" class=\"bde-tabs__tab js-tab\" aria-controls=\"tab-panel-isotope-1\" id=\"tab-isotope-1\" data-value=\"24\">\n                    <span class=\"bde-tabs__tab-title\">High window washing<\/span>\n        <\/button>\n          <\/div>\n  <\/div>\n\n\n        <\/div>\n    <\/div>\n<div class=\"bde-loop bde-loop-grid ee-posts ee-posts-grid bde-loop-isotope ee-posts-isotope\">    <article class=\"bde-loop-item ee-post\" data-filters=\"24\">\n        <div class=\"bde-div-709-100-777-709-1 bde-div bde-div-709-100\">\n              \n  \n  \n\t\n\n  <div class=\"section-background-overlay\"><\/div>\n\n\n<div class=\"bde-div-709-103-777-709-1 bde-div grid-1-4 bde-div-709-103\">\n  \n  \n\t\n\n\n\n<div class=\"bde-text-709-104-777-709-1 bde-text temoignage bde-text-709-104\">\n<p>At Groupe Petra, customer service is our constant priority. Faced with an exceptional window-washing situation at 1000 de la Gaucheti\u00e8re, a 51-storey, 206-metre building, we took unprecedented measures to ensure tenant comfort.<\/p>\n<p>A partnership was set up with Atelier en Hauteur, enabling us to deploy a specialized team of spidermen for this task. Many thanks for their impressive collaboration.<\/p>\n<p>***<\/p>\n<p>At Groupe Petra, customer service is our ongoing priority. Faced with an exceptional situation regarding the window cleaning at 1000 de la Gaucheti\u00e8re, a 51-story and 206-meter building, we have taken unprecedented measures to ensure the comfort of our tenants.<\/p>\n<p>A partnership has been established with Atelier en Hauteur, allowing us to deploy a specialized team of spider-men for this task. A big thank you for their impressive collaboration.<\/p>\n\n<\/div>\n<\/div><div class=\"bde-div-709-101-777-709-1 bde-div bde-div-709-101\">\n  \n  \n\t\n\n\n\n<div class=\"bde-div-709-108-777-709-1 bde-div bde-div-709-108\">\n  \n  \n\t\n\n\n\n<div class=\"bde-image-709-102-777-709-1 bde-image bde-image-709-102\">\n<figure class=\"breakdance-image breakdance-image--776\">\n\t<div class=\"breakdance-image-container\">\n\t\t<div class=\"breakdance-image-clip\"><img loading=\"lazy\" decoding=\"async\" class=\"breakdance-image-object\" src=\"https:\/\/atelierenhauteur.ca\/wp-content\/uploads\/2023\/10\/temoignage-groupe-petra.jpg\" width=\"500\" height=\"396\" srcset=\"https:\/\/atelierenhauteur.ca\/wp-content\/uploads\/2023\/10\/temoignage-groupe-petra.jpg 500w, https:\/\/atelierenhauteur.ca\/wp-content\/uploads\/2023\/10\/temoignage-groupe-petra-300x238.jpg 300w\" sizes=\"auto, (max-width: 500px) 100vw, 500px\" alt=\"Photo avatarGroupe Petra\"><\/div>\n\t<\/div><\/figure>\n\n<\/div>\n<\/div><div class=\"bde-div-709-105-777-709-1 bde-div bde-div-709-105\">\n  \n  \n\t\n\n\n\n<div class=\"bde-text-709-106-777-709-1 bde-text bde-text-709-106\">\nPetra Group\n<\/div><div class=\"bde-text-709-107-777-709-1 bde-text bde-text-709-107\">\nPetra Group\n<\/div>\n<\/div>\n<\/div>\n<\/div>    <\/article>\n<div class=\"bde-loop-item-gutter ee-post-gutter\"><\/div><div class=\"bde-loop-item-sizer ee-post-sizer\"><\/div><\/div>\r\n<\/div>\n<\/div><\/div>\n<\/section>","protected":false},"excerpt":{"rendered":"<p>T\u00e9moignages Consulter la liste de nos t\u00e9moignages clients Ajouter un t\u00e9moignages Tous Lavage de vitres en hauteur Tous Lavage de vitres en hauteur Chez Groupe Petra, le service \u00e0 la client\u00e8le est notre priorit\u00e9 constante. Confront\u00e9s \u00e0 une situation exceptionnelle concernant le lavage des vitres au 1000 de la Gaucheti\u00e8re, un \u00e9difice de 51 \u00e9tages [&hellip;]<\/p>\n","protected":false},"author":1,"featured_media":0,"parent":0,"menu_order":0,"comment_status":"closed","ping_status":"closed","template":"","meta":{"_acf_changed":false,"_seopress_robots_primary_cat":"0","_seopress_titles_title":"","_seopress_titles_desc":"Consulter la liste de nos t\u00e9moignages clients. Vous \u00eates un client, n&#039;h\u00e9sitez pas \u00e0 nous laisser vous aussi un t\u00e9moignage.","_seopress_robots_index":"","_breakdance_hide_in_design_set":false,"_breakdance_tags":"","footnotes":""},"class_list":["post-695","page","type-page","status-publish","hentry"],"acf":[],"_links":{"self":[{"href":"https:\/\/atelierenhauteur.ca\/en\/wp-json\/wp\/v2\/pages\/695","targetHints":{"allow":["GET"]}}],"collection":[{"href":"https:\/\/atelierenhauteur.ca\/en\/wp-json\/wp\/v2\/pages"}],"about":[{"href":"https:\/\/atelierenhauteur.ca\/en\/wp-json\/wp\/v2\/types\/page"}],"author":[{"embeddable":true,"href":"https:\/\/atelierenhauteur.ca\/en\/wp-json\/wp\/v2\/users\/1"}],"replies":[{"embeddable":true,"href":"https:\/\/atelierenhauteur.ca\/en\/wp-json\/wp\/v2\/comments?post=695"}],"version-history":[{"count":1,"href":"https:\/\/atelierenhauteur.ca\/en\/wp-json\/wp\/v2\/pages\/695\/revisions"}],"predecessor-version":[{"id":1061,"href":"https:\/\/atelierenhauteur.ca\/en\/wp-json\/wp\/v2\/pages\/695\/revisions\/1061"}],"wp:attachment":[{"href":"https:\/\/atelierenhauteur.ca\/en\/wp-json\/wp\/v2\/media?parent=695"}],"curies":[{"name":"wp","href":"https:\/\/api.w.org\/{rel}","templated":true}]}}