{"id":963,"date":"2025-02-04T09:27:00","date_gmt":"2025-02-04T14:27:00","guid":{"rendered":"https:\/\/atelierenhauteur.ca\/?page_id=963"},"modified":"2025-02-04T09:27:00","modified_gmt":"2025-02-04T14:27:00","slug":"industrial-and-commercial-pressure-washing","status":"publish","type":"page","link":"https:\/\/atelierenhauteur.ca\/en\/lavage-de-batiments-industriels-et-commerciaux-a-pression\/","title":{"rendered":"Industrial and commercial pressure washing"},"content":{"rendered":"<section class=\"bde-section-963-100 bde-section\">\n  \n  \n\t\n\n\n\n<div class=\"section-container\"><\/div>\n<\/section><section class=\"bde-section-963-101 bde-section\">\n  \n  \n\t\n\n\n\n<div class=\"section-container\"><div class=\"bde-div-963-102 bde-div\">\n  \n  \n\t\n\n\n\n<h1 class=\"bde-heading-963-103 bde-heading\">\nPressure washing for industrial and commercial buildings\n<\/h1><div class=\"bde-text-963-104 bde-text\">\nImpeccable facades for your commercial and industrial buildings.\n<\/div>\n<\/div><div class=\"bde-columns-963-105 bde-columns\"><div class=\"bde-column-963-106 bde-column\">\n  \n  \n\t\n\n\n\n<div class=\"bde-div-963-125 bde-div\">\n  \n  \n\t\n\n\n\n<div class=\"bde-rich-text-963-107 bde-rich-text breakdance-rich-text-styles\">\n<p class=\"p1\"><strong>Our pressure washing service is designed to restore the appearance of your industrial and commercial buildings, effectively removing the dirt that has accumulated over time.<\/strong><\/p><p class=\"p1\">Whether you need to clean dirty facades or prepare a surface for delivery, we have the right solution for you.<\/p>\n<\/div>\n<\/div><div class=\"bde-div-963-126 bde-div\">\n  \n  \n\t\n\n\n\n<h2 class=\"bde-heading-963-109 bde-heading\">\nWhy choose our service<br>pressure washers?\n<\/h2><div class=\"bde-rich-text-963-110 bde-rich-text liste-numerote breakdance-rich-text-styles\">\n<ol><li><p class=\"p1\"><b>Experienced team :\u00a0<\/b>Our qualified technicians use state-of-the-art equipment to ensure thorough cleaning while preserving the integrity of your structures.<\/p><\/li><li><p class=\"p1\"><b>Versatility<\/b><strong> : <\/strong>We work on a variety of surfaces, including concrete, brick, metal and glass, adjusting pressure and techniques to suit the material.<\/p><\/li><li><p class=\"p1\"><b>Respect for the environment:\u00a0<\/b>We use environmentally-friendly products and methods that minimize environmental impact, guaranteeing safe cleaning for your facilities and the environment.<\/p><\/li><\/ol>\n<\/div>\n<\/div>\n<\/div><div class=\"bde-column-963-108 bde-column\">\n  \n  \n\t\n\n\n\n<div class=\"bde-div-963-127 bde-div\">\n  \n  \n\t\n\n\n\n<h2 class=\"bde-heading-963-123 bde-heading\">\nOur service applications :\n<\/h2><div class=\"bde-rich-text-963-124 bde-rich-text liste-numerote breakdance-rich-text-styles\">\n<ol><li><p class=\"p1\"><b>Cleaning aged facades :\u00a0<\/b><b><\/b>Removal of pollutants, dust and weather stains, restoring your building to its original appearance.<\/p><\/li><li><p class=\"p1\"><b>Post-construction cleaning :<\/b> After construction or renovation work, we clean the surrounding wall surfaces to remove dust and debris, ensuring an impeccable finish.<\/p><\/li><li><p class=\"p1\"><b>Surface preparation before delivery :<\/b> Prior to delivery of a new building or renovated area, we prepare the surfaces by high-pressure cleaning, ensuring optimum presentation.<\/p><\/li><\/ol>\n<\/div>\n<\/div><div class=\"bde-div-963-128 bde-div\">\n  \n  \n\t\n\n\n\n<h2 class=\"bde-heading-963-129 bde-heading\">\nSteps in our pressure washing process:\n<\/h2><div class=\"bde-rich-text-963-130 bde-rich-text liste-numerote breakdance-rich-text-styles\">\n<ol><li><p class=\"p1\"><b>Initial assessment :<\/b> Inspection of surfaces to be cleaned to determine the most appropriate method.<\/p><\/li><li><p class=\"p1\"><b>Site preparation :<\/b> Implementation of safety measures and protection of adjacent areas.<\/p><\/li><li><p class=\"p1\"><b>Pressure cleaning :<\/b> Application of the appropriate pressure-washing technique, taking into account the specific characteristics of each surface.<\/p><\/li><li><p class=\"p1\"><b>Final inspection :<\/b> Checking cleaning quality and ensuring customer satisfaction.<\/p><\/li><\/ol>\n<\/div>\n<\/div>\n<\/div><\/div><div class=\"bde-rich-text-963-111 bde-rich-text breakdance-rich-text-styles\">\n<p class=\"p1\">Rely on our expertise to keep your industrial and commercial buildings in top condition. <strong>Contact us today for a personalized quotation and to find out how our pressure washing service can meet your specific needs.<\/strong><\/p>\n<\/div><\/div>\n<\/section><section class=\"bde-section-963-116 bde-section\">\n  \n  \n\t\n\n\n\n<div class=\"section-container\"><a class=\"bde-container-link-963-117 bde-container-link breakdance-link\" href=\"#\" target=\"_self\">\n  \n  \n\t\n\n\n\n<div class=\"bde-div-963-118 bde-div\">\n  \n  \n\t\n\n\n\n<h2 class=\"bde-heading-963-119 bde-heading\">\nContact us for a free quote.\n<\/h2>\n<\/div>\n\n<\/a><\/div>\n<\/section><section class=\"bde-section-963-120 bde-section\">\n              \n  \n  \n\t\n\n  <div class=\"section-background-overlay\"><\/div>\n\n\n<div class=\"section-container\"><div class=\"bde-text-963-121 bde-text\">\nShare this service\n<\/div><div class=\"bde-social-share-buttons-963-122 bde-social-share-buttons\">\n<div class=\"bde-social-share-button bde-social-share-button-mobile js-breakdance-share-mobile\">\n  <span class=\"bde-social-share-button-icon\">\n    <svg fill=\"none\" xmlns=\"http:\/\/www.w3.org\/2000\/svg\" viewbox=\"0 0 16 16\">\n      <path d=\"M11 2.5a2.5 2.5 0 1 1 .603 1.628l-6.718 3.12c.154.49.154 1.015 0 1.504l6.718 3.12a2.5 2.5 0 1 1-.488.876l-6.718-3.12a2.5 2.5 0 1 1 0-3.256l6.718-3.12A2.504 2.504 0 0 1 11 2.5Z\" fill=\"currentColor\"\/>\n    <\/svg>\n  <\/span>\n  <\/div>\n\n<div class=\"js-breakdance-share-button bde-social-share-button bde-social-share-button-facebook\" data-network=\"Facebook\"  >\n    <span class=\"bde-social-share-button-icon\">\n        <svg aria-hidden=\"true\" focusable=\"false\" data-prefix=\"fab\" class=\"svg-inline--fa fa-facebook fa-w-16\" role=\"img\" fill=\"none\" xmlns=\"http:\/\/www.w3.org\/2000\/svg\" viewbox=\"0 0 800 800\">\n      <path d=\"M768 0H32C14.3 0 0 14.3 0 32v736c0 17.7 14.3 32 32 32h736c17.7 0 32-14.3 32-32V32c0-17.7-14.3-32-32-32Zm-92.4 233.5h-63.9c-50.1 0-59.8 23.8-59.8 58.8v77.1h119.6l-15.6 120.7h-104V800H427.2V490.2H322.9V369.4h104.3v-89c0-103.3 63.1-159.6 155.3-159.6 44.2 0 82.1 3.3 93.2 4.8v107.9h-.1Z\" fill=\"currentColor\"\/>\n    <\/svg>\n      <\/span>\n    <\/div>\n<div class=\"js-breakdance-share-button bde-social-share-button bde-social-share-button-linkedin\" data-network=\"LinkedIn\"  >\n    <span class=\"bde-social-share-button-icon\">\n        <svg aria-hidden=\"true\" focusable=\"false\" data-prefix=\"fab\" class=\"svg-inline--fa fa-linkedin fa-w-14\" role=\"img\" xmlns=\"http:\/\/www.w3.org\/2000\/svg\" viewbox=\"0 0 448 512\">\n      <path fill=\"currentColor\" d=\"M416 32H31.9C14.3 32 0 46.5 0 64.3v383.4C0 465.5 14.3 480 31.9 480H416c17.6 0 32-14.5 32-32.3V64.3c0-17.8-14.4-32.3-32-32.3zM135.4 416H69V202.2h66.5V416zm-33.2-243c-21.3 0-38.5-17.3-38.5-38.5S80.9 96 102.2 96c21.2 0 38.5 17.3 38.5 38.5 0 21.3-17.2 38.5-38.5 38.5zm282.1 243h-66.4V312c0-24.8-.5-56.7-34.5-56.7-34.6 0-39.9 27-39.9 54.9V416h-66.4V202.2h63.7v29.2h.9c8.9-16.8 30.6-34.5 62.9-34.5 67.2 0 79.7 44.3 79.7 101.9V416z\"><\/path>\n    <\/svg>\n      <\/span>\n    <\/div>\n<div class=\"js-breakdance-share-button bde-social-share-button bde-social-share-button-email\" data-network=\"Email\"  >\n    <span class=\"bde-social-share-button-icon\">\n        <svg class=\"svg-inline--fa fa-envelope-square fa-w-14\" role=\"img\" fill=\"none\" xmlns=\"http:\/\/www.w3.org\/2000\/svg\" viewbox=\"0 0 20 16\">\n      <path d=\"M18 0H2C.9 0 .01.9.01 2L0 14c0 1.1.9 2 2 2h16c1.1 0 2-.9 2-2V2c0-1.1-.9-2-2-2Zm0 4-8 5-8-5V2l8 5 8-5v2Z\" fill=\"currentColor\"\/>\n    <\/svg>\n      <\/span>\n    <\/div>\n\n<\/div><\/div>\n<\/section>","protected":false},"excerpt":{"rendered":"<p>Lavage \u00e0 pression pour b\u00e2timents industriels et commerciaux Des fa\u00e7ades impeccables pour vos b\u00e2timents commerciaux et industriels. Notre service de lavage \u00e0 pression est con\u00e7u pour restaurer l\u2019apparence de vos b\u00e2timents industriels et commerciaux, en \u00e9liminant efficacement les salet\u00e9s accumul\u00e9es au fil du temps.Que ce soit pour nettoyer des fa\u00e7ades encrass\u00e9es ou pour pr\u00e9parer une [&hellip;]<\/p>\n","protected":false},"author":1,"featured_media":0,"parent":0,"menu_order":0,"comment_status":"closed","ping_status":"closed","template":"","meta":{"_acf_changed":false,"_seopress_robots_primary_cat":"0","_seopress_titles_title":"","_seopress_titles_desc":"Redonnez \u00e0 vos b\u00e2timents industriels et commerciaux leur \u00e9clat d\u2019origine gr\u00e2ce \u00e0 notre service de lavage \u00e0 pression, id\u00e9al pour \u00e9liminer les traces du temps et les r\u00e9sidus de chantier.","_seopress_robots_index":"","_breakdance_hide_in_design_set":false,"_breakdance_tags":"","footnotes":""},"class_list":["post-963","page","type-page","status-publish","hentry"],"acf":[],"_links":{"self":[{"href":"https:\/\/atelierenhauteur.ca\/en\/wp-json\/wp\/v2\/pages\/963","targetHints":{"allow":["GET"]}}],"collection":[{"href":"https:\/\/atelierenhauteur.ca\/en\/wp-json\/wp\/v2\/pages"}],"about":[{"href":"https:\/\/atelierenhauteur.ca\/en\/wp-json\/wp\/v2\/types\/page"}],"author":[{"embeddable":true,"href":"https:\/\/atelierenhauteur.ca\/en\/wp-json\/wp\/v2\/users\/1"}],"replies":[{"embeddable":true,"href":"https:\/\/atelierenhauteur.ca\/en\/wp-json\/wp\/v2\/comments?post=963"}],"version-history":[{"count":0,"href":"https:\/\/atelierenhauteur.ca\/en\/wp-json\/wp\/v2\/pages\/963\/revisions"}],"wp:attachment":[{"href":"https:\/\/atelierenhauteur.ca\/en\/wp-json\/wp\/v2\/media?parent=963"}],"curies":[{"name":"wp","href":"https:\/\/api.w.org\/{rel}","templated":true}]}}