{"id":997,"date":"2026-01-14T09:08:47","date_gmt":"2026-01-14T14:08:47","guid":{"rendered":"https:\/\/atelierenhauteur.ca\/?page_id=997"},"modified":"2026-02-02T10:46:00","modified_gmt":"2026-02-02T15:46:00","slug":"enclosed-spaces","status":"publish","type":"page","link":"https:\/\/atelierenhauteur.ca\/en\/espaces-clos\/","title":{"rendered":"Enclosed spaces"},"content":{"rendered":"<section class=\"bde-section-997-129 bde-section\">\n  \n  \n\t\n\n\n\n<div class=\"section-container\"><\/div>\n<\/section><section class=\"bde-section-997-100 bde-section\">\n  \n  \n\t\n\n\n\n<div class=\"section-container\"><div class=\"bde-div-997-101 bde-div\">\n  \n  \n\t\n\n\n\n<h1 class=\"bde-heading-997-102 bde-heading\">\nEnclosed spaces\n<\/h1><div class=\"bde-text-997-103 bde-text\">\nNon-destructive, visual and photographic inspection, repair, washing and painting\n<\/div>\n<\/div><div class=\"bde-columns-997-104 bde-columns\"><div class=\"bde-column-997-105 bde-column\">\n  \n  \n\t\n\n\n\n<div class=\"bde-rich-text-997-106 bde-rich-text breakdance-rich-text-styles\">\n<p class=\"p1\"><strong>Work in confined spaces on ropes involves accessing, intervening and carrying out technical operations inside restricted and difficult-to-access areas, using certified techniques and in strict compliance with occupational health and safety standards.<\/strong><\/p><p class=\"p1\">Taking into account our ongoing training program, at <strong>Overhead workshop,<\/strong> all our rope access technicians are certified in rescue, ventilation, atmospheric control and risk management procedures specific to this type of environment.<\/p>\n<\/div>\n<\/div><div class=\"bde-column-997-107 bde-column\">\n  \n  \n\t\n\n\n\n<h2 class=\"bde-heading-997-108 bde-heading\">\nScope of work\n<\/h2><div class=\"bde-rich-text-997-109 bde-rich-text liste-numerote breakdance-rich-text-styles\">\n<ul class=\"ul1\"><li class=\"li1\">Our technicians ensure safe access to the confined space using rope systems (descent, ascent, positioning).<\/li><li class=\"li1\">We can install temporary or permanent anchor points that comply with current standards, if existing installations are insufficient.<\/li><li class=\"li1\">Our team can carry out visual and technical inspections of surfaces, structures or equipment.<\/li><li class=\"li1\">We can then carry out corrective or maintenance work (repairs, cleaning, sealing, installation, chipping, urethane application, etc.).<\/li><li class=\"li1\">During work, we continuously monitor the atmosphere (gas, oxygen, contaminants).<\/li><li class=\"li1\">Atelier en hauteur has drawn up a rescue plan specific to confined spaces, which will be modified according to the particularities of the site.<\/li><li class=\"li1\">Our rope access technicians remain in constant communication between the workers and the supervisor outside.<\/li><\/ul>\n<\/div><h2 class=\"bde-heading-997-131 bde-heading\">\nSafety measures\n<\/h2><div class=\"bde-rich-text-997-132 bde-rich-text liste-numerote breakdance-rich-text-styles\">\n<p class=\"p1\"><b>Atelier en Hauteur possesses and complies with all the necessary safety measures for work in confined spaces.\u00a0<\/b><\/p><ul><li>Valid confined-space entry permit.<\/li><li>Mechanical or natural ventilation depending on conditions.<\/li><li>Full personal protective equipment (PPE): harnesses, lanyards, gas detectors, helmets, breathing apparatus if required.<\/li><li>Lockout\/tagout procedures when necessary.<\/li><li>Presence of a trained supervisor outside the confined space at all times.<\/li><\/ul>\n<\/div>\n<\/div><\/div><div class=\"bde-video-997-133 bde-video\">\n<div class=\"ee-video-container\">\n                                                                        \n                <lite-youtube\n                        videoid=\"cp8Ljfw8u9Q\"\n                                                style=\"background-image: url(https:\/\/i.ytimg.com\/vi\/cp8Ljfw8u9Q\/maxresdefault.jpg); \"\n                        class=\"ee-video\"\n                        title=\"\"\n                        params=\"&playsinline=0&rel=0&enablejsapi=1\"\n                >\n                <\/lite-youtube>\n                    \n        \n            \n    <\/div>\n\n<\/div><div class=\"bde-video-997-134 bde-video\">\n<div class=\"ee-video-container\">\n                                                                        \n                <lite-youtube\n                        videoid=\"Fl82KLvOrpY\"\n                                                style=\"background-image: url(https:\/\/i.ytimg.com\/vi\/Fl82KLvOrpY\/maxresdefault.jpg); \"\n                        class=\"ee-video\"\n                        title=\"\"\n                        params=\"&playsinline=0&rel=0&enablejsapi=1\"\n                >\n                <\/lite-youtube>\n                    \n        \n            \n    <\/div>\n\n<\/div><div class=\"bde-rich-text-997-110 bde-rich-text breakdance-rich-text-styles\">\n<p>At the<strong>Overhead workshop<\/strong>We strictly adhere to established safety standards.<\/p><p class=\"p1\">The work is carried out in accordance with the requirements of the\u00a0<b>CNESST<\/b>, to standards\u00a0<b>CSA<\/b>, and best practices in the rope access and confined space industries.<\/p>\n<\/div><div class=\"bde-columns-997-111 bde-columns\"><div class=\"bde-column-997-112 bde-column\">\n  \n  \n\t\n\n\n\n<div class=\"bde-gallery-997-118 bde-gallery\">\n\n\n  \n\n\n\n\n\n\n\n\n\n\n<div class=\"ee-gallery ee-gallery--default ee-gallery--grid ee-gallery--single ee-gallery--lightbox ee-gallery-- ee-gallery--caption- ee-gallery--caption-none ee-gallery--ratio\">\n                  \n      <a class=\"ee-gallery-item ee-gallery-item--image ee-gallery-item--single\" href=\"https:\/\/atelierenhauteur.ca\/wp-content\/uploads\/2026\/01\/espace-clos-atelier-en-hauteur2.webp\"  data-sub-html=\"<span><\/span>\" data-category=\"1\"                  data-lg-size=\"1140-1520\"\n\n      >\n        <figure class=\"ee-gallery-item-figure\">\n                        <img loading=\"lazy\" decoding=\"async\" class=\"breakdance-image-object\" src=\"https:\/\/atelierenhauteur.ca\/wp-content\/uploads\/2026\/01\/espace-clos-atelier-en-hauteur2-768x1024.webp\" width=\"768\" height=\"1024\" srcset=\"https:\/\/atelierenhauteur.ca\/wp-content\/uploads\/2026\/01\/espace-clos-atelier-en-hauteur2.webp 1140w, https:\/\/atelierenhauteur.ca\/wp-content\/uploads\/2026\/01\/espace-clos-atelier-en-hauteur2-225x300.webp 225w, https:\/\/atelierenhauteur.ca\/wp-content\/uploads\/2026\/01\/espace-clos-atelier-en-hauteur2-768x1024.webp 768w, https:\/\/atelierenhauteur.ca\/wp-content\/uploads\/2026\/01\/espace-clos-atelier-en-hauteur2-9x12.webp 9w\" sizes=\"auto, (max-width: 1140px) 100vw, 1140px\" alt=\"Worker drilling a concrete ceiling with a tool.\">\n          \n                  <\/figure>\n      <\/a>\n\n                \n      <a class=\"ee-gallery-item ee-gallery-item--image ee-gallery-item--single\" href=\"https:\/\/atelierenhauteur.ca\/wp-content\/uploads\/2026\/01\/espace-clos-atelier-en-hauteur1.webp\"  data-sub-html=\"<span><\/span>\" data-category=\"1\"                  data-lg-size=\"1140-1520\"\n\n      >\n        <figure class=\"ee-gallery-item-figure\">\n                        <img loading=\"lazy\" decoding=\"async\" class=\"breakdance-image-object\" src=\"https:\/\/atelierenhauteur.ca\/wp-content\/uploads\/2026\/01\/espace-clos-atelier-en-hauteur1-768x1024.webp\" width=\"768\" height=\"1024\" srcset=\"https:\/\/atelierenhauteur.ca\/wp-content\/uploads\/2026\/01\/espace-clos-atelier-en-hauteur1.webp 1140w, https:\/\/atelierenhauteur.ca\/wp-content\/uploads\/2026\/01\/espace-clos-atelier-en-hauteur1-225x300.webp 225w, https:\/\/atelierenhauteur.ca\/wp-content\/uploads\/2026\/01\/espace-clos-atelier-en-hauteur1-768x1024.webp 768w, https:\/\/atelierenhauteur.ca\/wp-content\/uploads\/2026\/01\/espace-clos-atelier-en-hauteur1-9x12.webp 9w\" sizes=\"auto, (max-width: 1140px) 100vw, 1140px\" alt=\"Suspended workers carrying out repairs in a tunnel.\">\n          \n                  <\/figure>\n      <\/a>\n\n      \n  <\/div>\n\n\n\n<\/div>\n<\/div><\/div><\/div>\n<\/section><section class=\"bde-section-997-122 bde-section\">\n  \n  \n\t\n\n\n\n<div class=\"section-container\"><a class=\"bde-container-link-997-123 bde-container-link breakdance-link\" href=\"#\" target=\"_self\">\n  \n  \n\t\n\n\n\n<div class=\"bde-div-997-124 bde-div\">\n  \n  \n\t\n\n\n\n<h2 class=\"bde-heading-997-125 bde-heading\">\nContact us for a free quote.\n<\/h2>\n<\/div>\n\n<\/a><\/div>\n<\/section><section class=\"bde-section-997-126 bde-section\">\n              \n  \n  \n\t\n\n  <div class=\"section-background-overlay\"><\/div>\n\n\n<div class=\"section-container\"><div class=\"bde-text-997-127 bde-text\">\nShare this service\n<\/div><div class=\"bde-social-share-buttons-997-128 bde-social-share-buttons\">\n<div class=\"bde-social-share-button bde-social-share-button-mobile js-breakdance-share-mobile\">\n  <span class=\"bde-social-share-button-icon\">\n    <svg fill=\"none\" xmlns=\"http:\/\/www.w3.org\/2000\/svg\" viewbox=\"0 0 16 16\">\n      <path d=\"M11 2.5a2.5 2.5 0 1 1 .603 1.628l-6.718 3.12c.154.49.154 1.015 0 1.504l6.718 3.12a2.5 2.5 0 1 1-.488.876l-6.718-3.12a2.5 2.5 0 1 1 0-3.256l6.718-3.12A2.504 2.504 0 0 1 11 2.5Z\" fill=\"currentColor\"\/>\n    <\/svg>\n  <\/span>\n  <\/div>\n\n<div class=\"js-breakdance-share-button bde-social-share-button bde-social-share-button-facebook\" data-network=\"Facebook\"  >\n    <span class=\"bde-social-share-button-icon\">\n        <svg aria-hidden=\"true\" focusable=\"false\" data-prefix=\"fab\" class=\"svg-inline--fa fa-facebook fa-w-16\" role=\"img\" fill=\"none\" xmlns=\"http:\/\/www.w3.org\/2000\/svg\" viewbox=\"0 0 800 800\">\n      <path d=\"M768 0H32C14.3 0 0 14.3 0 32v736c0 17.7 14.3 32 32 32h736c17.7 0 32-14.3 32-32V32c0-17.7-14.3-32-32-32Zm-92.4 233.5h-63.9c-50.1 0-59.8 23.8-59.8 58.8v77.1h119.6l-15.6 120.7h-104V800H427.2V490.2H322.9V369.4h104.3v-89c0-103.3 63.1-159.6 155.3-159.6 44.2 0 82.1 3.3 93.2 4.8v107.9h-.1Z\" fill=\"currentColor\"\/>\n    <\/svg>\n      <\/span>\n    <\/div>\n<div class=\"js-breakdance-share-button bde-social-share-button bde-social-share-button-linkedin\" data-network=\"LinkedIn\"  >\n    <span class=\"bde-social-share-button-icon\">\n        <svg aria-hidden=\"true\" focusable=\"false\" data-prefix=\"fab\" class=\"svg-inline--fa fa-linkedin fa-w-14\" role=\"img\" xmlns=\"http:\/\/www.w3.org\/2000\/svg\" viewbox=\"0 0 448 512\">\n      <path fill=\"currentColor\" d=\"M416 32H31.9C14.3 32 0 46.5 0 64.3v383.4C0 465.5 14.3 480 31.9 480H416c17.6 0 32-14.5 32-32.3V64.3c0-17.8-14.4-32.3-32-32.3zM135.4 416H69V202.2h66.5V416zm-33.2-243c-21.3 0-38.5-17.3-38.5-38.5S80.9 96 102.2 96c21.2 0 38.5 17.3 38.5 38.5 0 21.3-17.2 38.5-38.5 38.5zm282.1 243h-66.4V312c0-24.8-.5-56.7-34.5-56.7-34.6 0-39.9 27-39.9 54.9V416h-66.4V202.2h63.7v29.2h.9c8.9-16.8 30.6-34.5 62.9-34.5 67.2 0 79.7 44.3 79.7 101.9V416z\"><\/path>\n    <\/svg>\n      <\/span>\n    <\/div>\n<div class=\"js-breakdance-share-button bde-social-share-button bde-social-share-button-email\" data-network=\"Email\"  >\n    <span class=\"bde-social-share-button-icon\">\n        <svg class=\"svg-inline--fa fa-envelope-square fa-w-14\" role=\"img\" fill=\"none\" xmlns=\"http:\/\/www.w3.org\/2000\/svg\" viewbox=\"0 0 20 16\">\n      <path d=\"M18 0H2C.9 0 .01.9.01 2L0 14c0 1.1.9 2 2 2h16c1.1 0 2-.9 2-2V2c0-1.1-.9-2-2-2Zm0 4-8 5-8-5V2l8 5 8-5v2Z\" fill=\"currentColor\"\/>\n    <\/svg>\n      <\/span>\n    <\/div>\n\n<\/div><\/div>\n<\/section>","protected":false},"excerpt":{"rendered":"<p>Espaces clos Inspection non-destructive, visuelle et photographique, r\u00e9paration, lavage et peinture Les travaux en espace clos sur cordes consistent \u00e0 acc\u00e9der, intervenir et effectuer des op\u00e9rations techniques \u00e0 l&rsquo;int\u00e9rieur de zones restreintes et difficilement accessibles, \u00e0 l&rsquo;aide de techniques certifi\u00e9es, tout en respectant strictement les normes de sant\u00e9 et s\u00e9curit\u00e9 au travail.En tenant compte de [&hellip;]<\/p>\n","protected":false},"author":1,"featured_media":0,"parent":0,"menu_order":0,"comment_status":"closed","ping_status":"closed","template":"","meta":{"_acf_changed":false,"_seopress_robots_primary_cat":"0","_seopress_titles_title":"","_seopress_titles_desc":"Acc\u00e9dez aux espaces clos en s\u00e9curit\u00e9 gr\u00e2ce \u00e0 nos interventions sur cordes certifi\u00e9es. Nos \u00e9quipes op\u00e8rent dans les zones restreintes selon les normes SST.","_seopress_robots_index":"","_breakdance_hide_in_design_set":false,"_breakdance_tags":"","footnotes":""},"class_list":["post-997","page","type-page","status-publish","hentry"],"acf":[],"_links":{"self":[{"href":"https:\/\/atelierenhauteur.ca\/en\/wp-json\/wp\/v2\/pages\/997","targetHints":{"allow":["GET"]}}],"collection":[{"href":"https:\/\/atelierenhauteur.ca\/en\/wp-json\/wp\/v2\/pages"}],"about":[{"href":"https:\/\/atelierenhauteur.ca\/en\/wp-json\/wp\/v2\/types\/page"}],"author":[{"embeddable":true,"href":"https:\/\/atelierenhauteur.ca\/en\/wp-json\/wp\/v2\/users\/1"}],"replies":[{"embeddable":true,"href":"https:\/\/atelierenhauteur.ca\/en\/wp-json\/wp\/v2\/comments?post=997"}],"version-history":[{"count":16,"href":"https:\/\/atelierenhauteur.ca\/en\/wp-json\/wp\/v2\/pages\/997\/revisions"}],"predecessor-version":[{"id":1021,"href":"https:\/\/atelierenhauteur.ca\/en\/wp-json\/wp\/v2\/pages\/997\/revisions\/1021"}],"wp:attachment":[{"href":"https:\/\/atelierenhauteur.ca\/en\/wp-json\/wp\/v2\/media?parent=997"}],"curies":[{"name":"wp","href":"https:\/\/api.w.org\/{rel}","templated":true}]}}